{"id":1280,"date":"2019-10-30T19:48:15","date_gmt":"2019-10-30T23:48:15","guid":{"rendered":"http:\/\/indigenousfisheries.ca\/fr\/?page_id=1280"},"modified":"2019-12-02T19:55:14","modified_gmt":"2019-12-03T00:55:14","slug":"projects","status":"publish","type":"page","link":"https:\/\/indigenousfisheries.ca\/fr\/projects\/","title":{"rendered":"Projets"},"content":{"rendered":"<p>L\u2019Institut entreprendra des projets, y compris en collaboration avec les gouvernements et d\u2019autres intervenants, lorsque se pr\u00e9senteront des possibilit\u00e9s susceptibles de profiter aux collectivit\u00e9s, aux entreprises et aux groupes autochtones. Cela comprend des activit\u00e9s de coordination techniques de grande envergure pertinentes \u00e0 l\u2019\u00e9chelle nationale, qui aideront P\u00eaches et Oc\u00e9ans Canada \u00e0 mettre en \u0153uvre les recommandations issues de l\u2019Examen des programmes autochtones.<\/p>\n<p>Nos projets actuels sont les suivants:<\/p>\n<ul>\n<li><a href=\"http:\/\/indigenousfisheries.ca\/fr\/projects\/northern-fisheries\/\">Ex\u00e9cution conjointe de l\u2019Initiative des p\u00eaches commerciales int\u00e9gr\u00e9es du Nord<\/a><\/li>\n<li><a href=\"http:\/\/indigenousfisheries.ca\/fr\/projects\/training\/\">Partenariat pour la formation et la mise en valeur des comp\u00e9tences des Autochtones<\/a><\/li>\n<li><a href=\"http:\/\/indigenousfisheries.ca\/fr\/projects\/salmon-restoration\/\">Projets \u00e0 grande \u00e9chelle et multinationaux de restauration et d\u2019innovation pour le saumon de la Colombie-Britannique<\/a><\/li>\n<li><a href=\"http:\/\/indigenousfisheries.ca\/fr\/projects\/socio-economic-partnerships\/\">Compendium des partenariats socio\u00e9conomiques innovateurs<\/a><\/li>\n<\/ul>\n<p>Nous avons \u00e9galement termin\u00e9 r\u00e9cemment une <a href=\"http:\/\/indigenousfisheries.ca\/fr\/wp-content\/uploads\/2019\/12\/PSM_Rapport-d_\u00e9valuation-technique_juin-2019.pdf\" target=\"_blank\" rel=\"noopener noreferrer\">\u00e9valuation de la capacit\u00e9 technique des groupes et des collectivit\u00e9s autochtones de participer \u00e0 la planification spatiale marine.<\/a><\/p>\n","protected":false},"excerpt":{"rendered":"<p>L\u2019Institut entreprendra des projets, y compris en collaboration avec les gouvernements et d\u2019autres intervenants, lorsque se pr\u00e9senteront des possibilit\u00e9s susceptibles de profiter aux collectivit\u00e9s, aux entreprises et aux groupes autochtones. Cela comprend des activit\u00e9s de coordination techniques de grande envergure pertinentes \u00e0 l\u2019\u00e9chelle nationale, qui aideront P\u00eaches et Oc\u00e9ans Canada \u00e0 mettre en \u0153uvre les [&hellip;]<\/p>\n","protected":false},"author":4,"featured_media":0,"parent":0,"menu_order":0,"comment_status":"closed","ping_status":"closed","template":"","meta":{"footnotes":""},"class_list":["post-1280","page","type-page","status-publish","hentry"],"_links":{"self":[{"href":"https:\/\/indigenousfisheries.ca\/fr\/wp-json\/wp\/v2\/pages\/1280","targetHints":{"allow":["GET"]}}],"collection":[{"href":"https:\/\/indigenousfisheries.ca\/fr\/wp-json\/wp\/v2\/pages"}],"about":[{"href":"https:\/\/indigenousfisheries.ca\/fr\/wp-json\/wp\/v2\/types\/page"}],"author":[{"embeddable":true,"href":"https:\/\/indigenousfisheries.ca\/fr\/wp-json\/wp\/v2\/users\/4"}],"replies":[{"embeddable":true,"href":"https:\/\/indigenousfisheries.ca\/fr\/wp-json\/wp\/v2\/comments?post=1280"}],"version-history":[{"count":6,"href":"https:\/\/indigenousfisheries.ca\/fr\/wp-json\/wp\/v2\/pages\/1280\/revisions"}],"predecessor-version":[{"id":1557,"href":"https:\/\/indigenousfisheries.ca\/fr\/wp-json\/wp\/v2\/pages\/1280\/revisions\/1557"}],"wp:attachment":[{"href":"https:\/\/indigenousfisheries.ca\/fr\/wp-json\/wp\/v2\/media?parent=1280"}],"curies":[{"name":"wp","href":"https:\/\/api.w.org\/{rel}","templated":true}]}}