{"id":1283,"date":"2019-10-30T20:40:22","date_gmt":"2019-10-31T00:40:22","guid":{"rendered":"http:\/\/indigenousfisheries.ca\/fr\/?page_id=1283"},"modified":"2019-12-01T19:49:20","modified_gmt":"2019-12-02T00:49:20","slug":"site-map","status":"publish","type":"page","link":"https:\/\/indigenousfisheries.ca\/fr\/site-map\/","title":{"rendered":"Plan du site"},"content":{"rendered":"<div class=\"wsp-container\"><h2 class=\"wsp-pages-title\">Pages<\/h2>\n<ul class=\"wsp-pages-list\">\n<li class=\"page_item page-item-13 page_item_has_children\"><a href=\"https:\/\/indigenousfisheries.ca\/fr\/about\/\">\u00c0 propos<\/a>\n<ul class='children'>\n\t<li class=\"page_item page-item-1296\"><a href=\"https:\/\/indigenousfisheries.ca\/fr\/about\/board\/\">Conseil<\/a><\/li>\n\t<li class=\"page_item page-item-1299\"><a href=\"https:\/\/indigenousfisheries.ca\/fr\/about\/guiding-principles\/\">Les principes directeurs<\/a><\/li>\n<\/ul>\n<\/li>\n<li class=\"page_item page-item-31\"><a href=\"https:\/\/indigenousfisheries.ca\/fr\/\">Accueil<\/a><\/li>\n<li class=\"page_item page-item-236 page_item_has_children\"><a href=\"https:\/\/indigenousfisheries.ca\/fr\/indigenous-program-review\/\">Examen des programmes en bref<\/a>\n<ul class='children'>\n\t<li class=\"page_item page-item-1305\"><a href=\"https:\/\/indigenousfisheries.ca\/fr\/indigenous-program-review\/background\/\">Contexte de l\u2019Examen des programmes autochtones<\/a><\/li>\n\t<li class=\"page_item page-item-308\"><a href=\"https:\/\/indigenousfisheries.ca\/fr\/indigenous-program-review\/engagement-materials\/\">Documents d\u2019engagement de l\u2019Examen des programmes autochtones<\/a><\/li>\n\t<li class=\"page_item page-item-253\"><a href=\"https:\/\/indigenousfisheries.ca\/fr\/indigenous-program-review\/discussion-materials\/\">Documents de discussion de l\u2019Examen des programmes autochtones<\/a><\/li>\n\t<li class=\"page_item page-item-1339\"><a href=\"https:\/\/indigenousfisheries.ca\/fr\/indigenous-program-review\/implementation\/\">Mise en \u0153uvre de l\u2019Examen des programmes autochtones<\/a><\/li>\n\t<li class=\"page_item page-item-1308\"><a href=\"https:\/\/indigenousfisheries.ca\/fr\/indigenous-program-review\/reports\/\">Rapports finaux de l\u2019Examen des programmes autochtones<\/a><\/li>\n\t<li class=\"page_item page-item-17\"><a href=\"https:\/\/indigenousfisheries.ca\/fr\/indigenous-program-review\/share\/\">Soumissions de l\u2019Examen des programmes autochtones<\/a><\/li>\n\t<li class=\"page_item page-item-1303\"><a href=\"https:\/\/indigenousfisheries.ca\/fr\/indigenous-program-review\/tracking-progress\/\">Suivi des progr\u00e8s de la mise en \u0153uvre de l\u2019Examen des programmes<\/a><\/li>\n<\/ul>\n<\/li>\n<li class=\"page_item page-item-58\"><a href=\"https:\/\/indigenousfisheries.ca\/fr\/naff\/\">Forums &#8211; NAFF<\/a><\/li>\n<li class=\"page_item page-item-1622\"><a href=\"https:\/\/indigenousfisheries.ca\/fr\/message-de-linstitut-concernant-la-covid-19\/\">Message de l\u2019Institut concernant la COVID-19<\/a><\/li>\n<li class=\"page_item page-item-353\"><a href=\"https:\/\/indigenousfisheries.ca\/fr\/news\/\">Nouvelles<\/a><\/li>\n<li class=\"page_item page-item-64\"><a href=\"https:\/\/indigenousfisheries.ca\/fr\/contact\/\">Personnes-ressources<\/a><\/li>\n<li class=\"page_item page-item-1283\"><a href=\"https:\/\/indigenousfisheries.ca\/fr\/site-map\/\">Plan du site<\/a><\/li>\n<li class=\"page_item page-item-95\"><a href=\"https:\/\/indigenousfisheries.ca\/fr\/privacy-policy\/\">Privacy Policy<\/a><\/li>\n<li class=\"page_item page-item-155\"><a href=\"https:\/\/indigenousfisheries.ca\/fr\/programs-reviewed\/\">Programmes examin\u00e9s<\/a><\/li>\n<li class=\"page_item page-item-1280 page_item_has_children\"><a href=\"https:\/\/indigenousfisheries.ca\/fr\/projects\/\">Projets<\/a>\n<ul class='children'>\n\t<li class=\"page_item page-item-1320\"><a href=\"https:\/\/indigenousfisheries.ca\/fr\/projects\/socio-economic-partnerships\/\">Compendium des partenariats socio\u00e9conomiques innovateurs<\/a><\/li>\n\t<li class=\"page_item page-item-1741\"><a href=\"https:\/\/indigenousfisheries.ca\/fr\/projects\/dialogue-sur-la-politique-dapprovisionnement-aupres-des-entreprises-autochtones\/\">Dialogue sur la politique d\u2019approvisionnement aupr\u00e8s des entreprises autochtones<\/a><\/li>\n\t<li class=\"page_item page-item-1315\"><a href=\"https:\/\/indigenousfisheries.ca\/fr\/projects\/northern-fisheries\/\">Ex\u00e9cution conjointe de l\u2019Initiative des p\u00eaches commerciales int\u00e9gr\u00e9es du Nord<\/a><\/li>\n\t<li class=\"page_item page-item-60 page_item_has_children\"><a href=\"https:\/\/indigenousfisheries.ca\/fr\/projects\/training\/\">Partenariat pour la formation et la mise en valeur des comp\u00e9tences des Autochtones<\/a>\n\t<ul class='children'>\n\t\t<li class=\"page_item page-item-1648\"><a href=\"https:\/\/indigenousfisheries.ca\/fr\/projects\/training\/aidez-nous-a-creer-les-fiches-dinformation-sur-les-formations-professionnelles-dont-vous-avez-besoin\/\">Aidez-nous \u00e0 cr\u00e9er les fiches d\u2019information sur les formations professionnelles dont vous avez besoin<\/a><\/li>\n\t\t<li class=\"page_item page-item-1645\"><a href=\"https:\/\/indigenousfisheries.ca\/fr\/projects\/training\/fiches-dinformation-sur-les-formations-professionnelles\/\">Fiches d\u2019information sur les formations professionnelles<\/a><\/li>\n\t<\/ul>\n<\/li>\n\t<li class=\"page_item page-item-1318\"><a href=\"https:\/\/indigenousfisheries.ca\/fr\/projects\/salmon-restoration\/\">Projets du Fonds de restauration et d\u2019innovation pour le saumon de la C.-B.<\/a><\/li>\n<\/ul>\n<\/li>\n<li class=\"page_item page-item-55\"><a href=\"https:\/\/indigenousfisheries.ca\/fr\/search\/\">Recherche<\/a><\/li>\n<li class=\"page_item page-item-843\"><a href=\"https:\/\/indigenousfisheries.ca\/fr\/resources\/\">Ressources<\/a><\/li>\n<\/ul>\n<\/div>\n","protected":false},"excerpt":{"rendered":"","protected":false},"author":4,"featured_media":0,"parent":0,"menu_order":0,"comment_status":"closed","ping_status":"closed","template":"","meta":{"footnotes":""},"class_list":["post-1283","page","type-page","status-publish","hentry"],"_links":{"self":[{"href":"https:\/\/indigenousfisheries.ca\/fr\/wp-json\/wp\/v2\/pages\/1283","targetHints":{"allow":["GET"]}}],"collection":[{"href":"https:\/\/indigenousfisheries.ca\/fr\/wp-json\/wp\/v2\/pages"}],"about":[{"href":"https:\/\/indigenousfisheries.ca\/fr\/wp-json\/wp\/v2\/types\/page"}],"author":[{"embeddable":true,"href":"https:\/\/indigenousfisheries.ca\/fr\/wp-json\/wp\/v2\/users\/4"}],"replies":[{"embeddable":true,"href":"https:\/\/indigenousfisheries.ca\/fr\/wp-json\/wp\/v2\/comments?post=1283"}],"version-history":[{"count":6,"href":"https:\/\/indigenousfisheries.ca\/fr\/wp-json\/wp\/v2\/pages\/1283\/revisions"}],"predecessor-version":[{"id":1549,"href":"https:\/\/indigenousfisheries.ca\/fr\/wp-json\/wp\/v2\/pages\/1283\/revisions\/1549"}],"wp:attachment":[{"href":"https:\/\/indigenousfisheries.ca\/fr\/wp-json\/wp\/v2\/media?parent=1283"}],"curies":[{"name":"wp","href":"https:\/\/api.w.org\/{rel}","templated":true}]}}