{"id":1296,"date":"2019-11-16T07:16:48","date_gmt":"2019-11-16T12:16:48","guid":{"rendered":"http:\/\/indigenousfisheries.ca\/fr\/?page_id=1296"},"modified":"2020-05-07T12:07:41","modified_gmt":"2020-05-07T16:07:41","slug":"board","status":"publish","type":"page","link":"https:\/\/indigenousfisheries.ca\/fr\/about\/board\/","title":{"rendered":"Conseil"},"content":{"rendered":"<p>L\u2019Institut national des p\u00eaches autochtones est compos\u00e9 d\u2019un conseil de cadres autochtones r\u00e9gionaux et nationaux\u00a0:<\/p>\n<p><strong>John G. Paul, directeur ex\u00e9cutif<\/strong><br \/>\n<a href=\"http:\/\/www.apcfnc.ca\/\">Atlantic Policy Congress of First Nations Chiefs Secretariat<\/a><\/p>\n<p><strong>L\u2019honorable Ethel Blondin-Andrew, C.P.<\/strong><strong><br \/>\n<\/strong>Sahtu Region, Northwest Territories<\/p>\n<p><strong>Jeffrey Maurice, directeur, politiques et planification<\/strong><br \/>\n<a href=\"http:\/\/www.tunngavik.com\/\">Nunavut Tunngavik Inc.<\/a><\/p>\n<p><strong>Okalik Eegeesiak<\/strong><br \/>\nD\u00e9veloppement socio\u00e9conomique des Inuits<\/p>\n<p><strong>Angie Gillis, directeur ex\u00e9cutif associ\u00e9<\/strong><br \/>\n<a href=\"http:\/\/cmmns.com\/\">La Conf\u00e9d\u00e9ration des Mi\u2019kmaq continentaux<\/a><\/p>\n<p><strong>Lina Condo, conseill\u00e8re en mati\u00e8re d\u2019expansion des p\u00eaches<\/strong><br \/>\n<a href=\"http:\/\/www.ulnooweg.ca\/\">Ulnooweg Development Group<\/a><\/p>\n<p><strong>Robert Chamberlin<\/strong><\/p>\n<p><strong>Deborah Price<\/strong><\/p>\n","protected":false},"excerpt":{"rendered":"<p>L\u2019Institut national des p\u00eaches autochtones est compos\u00e9 d\u2019un conseil de cadres autochtones r\u00e9gionaux et nationaux\u00a0: John G. Paul, directeur ex\u00e9cutif Atlantic Policy Congress of First Nations Chiefs Secretariat L\u2019honorable Ethel Blondin-Andrew, C.P. Sahtu Region, Northwest Territories Jeffrey Maurice, directeur, politiques et planification Nunavut Tunngavik Inc. Okalik Eegeesiak D\u00e9veloppement socio\u00e9conomique des Inuits Angie Gillis, directeur ex\u00e9cutif [&hellip;]<\/p>\n","protected":false},"author":3,"featured_media":0,"parent":13,"menu_order":0,"comment_status":"closed","ping_status":"closed","template":"","meta":{"footnotes":""},"class_list":["post-1296","page","type-page","status-publish","hentry"],"_links":{"self":[{"href":"https:\/\/indigenousfisheries.ca\/fr\/wp-json\/wp\/v2\/pages\/1296","targetHints":{"allow":["GET"]}}],"collection":[{"href":"https:\/\/indigenousfisheries.ca\/fr\/wp-json\/wp\/v2\/pages"}],"about":[{"href":"https:\/\/indigenousfisheries.ca\/fr\/wp-json\/wp\/v2\/types\/page"}],"author":[{"embeddable":true,"href":"https:\/\/indigenousfisheries.ca\/fr\/wp-json\/wp\/v2\/users\/3"}],"replies":[{"embeddable":true,"href":"https:\/\/indigenousfisheries.ca\/fr\/wp-json\/wp\/v2\/comments?post=1296"}],"version-history":[{"count":11,"href":"https:\/\/indigenousfisheries.ca\/fr\/wp-json\/wp\/v2\/pages\/1296\/revisions"}],"predecessor-version":[{"id":1629,"href":"https:\/\/indigenousfisheries.ca\/fr\/wp-json\/wp\/v2\/pages\/1296\/revisions\/1629"}],"up":[{"embeddable":true,"href":"https:\/\/indigenousfisheries.ca\/fr\/wp-json\/wp\/v2\/pages\/13"}],"wp:attachment":[{"href":"https:\/\/indigenousfisheries.ca\/fr\/wp-json\/wp\/v2\/media?parent=1296"}],"curies":[{"name":"wp","href":"https:\/\/api.w.org\/{rel}","templated":true}]}}