{"id":1299,"date":"2019-11-16T07:30:28","date_gmt":"2019-11-16T12:30:28","guid":{"rendered":"http:\/\/indigenousfisheries.ca\/fr\/?page_id=1299"},"modified":"2019-12-17T10:23:51","modified_gmt":"2019-12-17T15:23:51","slug":"guiding-principles","status":"publish","type":"page","link":"https:\/\/indigenousfisheries.ca\/fr\/about\/guiding-principles\/","title":{"rendered":"Les principes directeurs"},"content":{"rendered":"<ol>\n<li><span class=\"heading-red\">Conception, \u00e9laboration et ex\u00e9cution conjointes<\/span> L\u2019approche de collaboration en action \u2013 Collaborer en tant que partenaires \u00e0 part enti\u00e8re \u00e0 la conception, \u00e0 l\u2019\u00e9laboration et \u00e0 l\u2019ex\u00e9cution des programmes f\u00e9d\u00e9raux concernant les vies et les ressources des peuples autochtones.<\/li>\n<li><span class=\"heading-red\">Inclusion<\/span> Nous vous faisons participer \u00e0 nos travaux. Nous voulons conna\u00eetre vos id\u00e9es et vos opinions sur l\u2019avenir des programmes autochtones de P\u00eaches et Oc\u00e9ans Canada.<\/li>\n<li><span class=\"heading-red\">Ouverture<\/span> Nous sommes ouverts \u00e0 toutes les id\u00e9es : qu\u2019elles soient grandes ou petites, nouvelles ou anciennes, nationales ou r\u00e9gionales, traditionnelles ou modernes.<\/li>\n<li><span class=\"heading-red\">Respect<\/span> IL\u2019inclusion et l\u2019ouverture exigent le respect. Les comportements irrespectueux seront r\u00e9gl\u00e9s rapidement et de mani\u00e8re \u00e9quitable.<\/li>\n<li><span class=\"heading-red\">Communications claires<\/span> Nous utiliserons un langage simple et des supports visuels \u2013 nous \u00e9viterons de trop l\u2019emploi d&#8217;acronymes.<\/li>\n<\/ol>\n","protected":false},"excerpt":{"rendered":"<p>Conception, \u00e9laboration et ex\u00e9cution conjointes L\u2019approche de collaboration en action \u2013 Collaborer en tant que partenaires \u00e0 part enti\u00e8re \u00e0 la conception, \u00e0 l\u2019\u00e9laboration et \u00e0 l\u2019ex\u00e9cution des programmes f\u00e9d\u00e9raux concernant les vies et les ressources des peuples autochtones. Inclusion Nous vous faisons participer \u00e0 nos travaux. Nous voulons conna\u00eetre vos id\u00e9es et vos opinions [&hellip;]<\/p>\n","protected":false},"author":3,"featured_media":0,"parent":13,"menu_order":0,"comment_status":"closed","ping_status":"closed","template":"","meta":{"footnotes":""},"class_list":["post-1299","page","type-page","status-publish","hentry"],"_links":{"self":[{"href":"https:\/\/indigenousfisheries.ca\/fr\/wp-json\/wp\/v2\/pages\/1299","targetHints":{"allow":["GET"]}}],"collection":[{"href":"https:\/\/indigenousfisheries.ca\/fr\/wp-json\/wp\/v2\/pages"}],"about":[{"href":"https:\/\/indigenousfisheries.ca\/fr\/wp-json\/wp\/v2\/types\/page"}],"author":[{"embeddable":true,"href":"https:\/\/indigenousfisheries.ca\/fr\/wp-json\/wp\/v2\/users\/3"}],"replies":[{"embeddable":true,"href":"https:\/\/indigenousfisheries.ca\/fr\/wp-json\/wp\/v2\/comments?post=1299"}],"version-history":[{"count":4,"href":"https:\/\/indigenousfisheries.ca\/fr\/wp-json\/wp\/v2\/pages\/1299\/revisions"}],"predecessor-version":[{"id":1582,"href":"https:\/\/indigenousfisheries.ca\/fr\/wp-json\/wp\/v2\/pages\/1299\/revisions\/1582"}],"up":[{"embeddable":true,"href":"https:\/\/indigenousfisheries.ca\/fr\/wp-json\/wp\/v2\/pages\/13"}],"wp:attachment":[{"href":"https:\/\/indigenousfisheries.ca\/fr\/wp-json\/wp\/v2\/media?parent=1299"}],"curies":[{"name":"wp","href":"https:\/\/api.w.org\/{rel}","templated":true}]}}