{"id":13,"date":"2017-08-16T20:55:29","date_gmt":"2017-08-17T00:55:29","guid":{"rendered":"http:\/\/jeremy-brown.net\/nifi\/?page_id=13"},"modified":"2019-11-28T19:30:11","modified_gmt":"2019-11-29T00:30:11","slug":"about","status":"publish","type":"page","link":"https:\/\/indigenousfisheries.ca\/fr\/about\/","title":{"rendered":"\u00c0 propos"},"content":{"rendered":"<p><img loading=\"lazy\" decoding=\"async\" class=\"alignright wp-image-1331\" src=\"http:\/\/indigenousfisheries.ca\/fr\/wp-content\/uploads\/2019\/11\/bene-fish-286x300.png\" alt=\"\" width=\"200\" height=\"210\" srcset=\"https:\/\/indigenousfisheries.ca\/fr\/wp-content\/uploads\/2019\/11\/bene-fish-286x300.png 286w, https:\/\/indigenousfisheries.ca\/fr\/wp-content\/uploads\/2019\/11\/bene-fish.png 349w\" sizes=\"auto, (max-width: 200px) 100vw, 200px\" \/>L\u2019Institut national des p\u00eaches autochtones vise \u00e0 promouvoir l\u2019uniformit\u00e9 et les normes nationales dans les programmes et pratiques autochtones afin de maximiser les avantages pour les collectivit\u00e9s.<\/p>\n<p>L\u2019Institut a \u00e9t\u00e9 cr\u00e9\u00e9 en mai\u00a02017 \u00e0 la suite du <a href=\"http:\/\/indigenousfisheries.ca\/fr\/naff\/\">Forum national sur les p\u00eaches et l\u2019aquaculture autochtones<\/a> (anciennement connu sous le nom de Forum national sur les p\u00eaches autochtones). L\u2019organisation repose sur le principe de la collaboration entre les groupes autochtones et le gouvernement, c\u2019est-\u00e0-dire une approche d\u2019\u00e9laboration conjointe, de conception conjointe et de prestation conjointe pour am\u00e9liorer les programmes et les pratiques qui ont une incidence sur la vie des peuples autochtones.<\/p>\n<p>Nous avons commenc\u00e9 nos travaux avec l\u2019<a href=\"http:\/\/indigenousfisheries.ca\/fr\/indigenous-program-review\/\">Examen des programmes autochtones<\/a> et l\u2019\u00e9laboration de l\u2019<a href=\"http:\/\/indigenousfisheries.ca\/fr\/projects\/northern-fisheries\/\">Initiative des p\u00eaches commerciales int\u00e9gr\u00e9es du Nord<\/a>. Ces travaux ont pris fin en mai\u00a02019 et ont \u00e9t\u00e9 approuv\u00e9s officiellement par P\u00eaches et Oc\u00e9ans Canada au m\u00eame moment. En septembre\u00a02019, le Minist\u00e8re a \u00e9galement rendu public un <a href=\"http:\/\/www.dfo-mpo.gc.ca\/fisheries-peches\/aboriginal-autochtones\/action-plan-action\/index-fra.html\">plan d\u2019action<\/a> pour donner suite \u00e0 chacune des recommandations formul\u00e9es dans le cadre de l\u2019examen.<\/p>\n<p>L\u2019Institut a maintenant un <a href=\"http:\/\/indigenousfisheries.ca\/fr\/projects\/\">certain nombre de projets en cours<\/a> pour appuyer la mise en \u0153uvre de l\u2019Examen des programmes autochtones et celle du Plan d\u2019action de P\u00eaches et Oc\u00e9ans Canada.<\/p>\n<p lang=\"en-CA\"><img loading=\"lazy\" decoding=\"async\" class=\"aligncenter wp-image-658 size-full\" src=\"http:\/\/indigenousfisheries.ca\/fr\/wp-content\/uploads\/2018\/04\/About.png\" alt=\"\" width=\"1165\" height=\"509\" srcset=\"https:\/\/indigenousfisheries.ca\/fr\/wp-content\/uploads\/2018\/04\/About.png 1165w, https:\/\/indigenousfisheries.ca\/fr\/wp-content\/uploads\/2018\/04\/About-300x131.png 300w, https:\/\/indigenousfisheries.ca\/fr\/wp-content\/uploads\/2018\/04\/About-768x336.png 768w, https:\/\/indigenousfisheries.ca\/fr\/wp-content\/uploads\/2018\/04\/About-1024x447.png 1024w\" sizes=\"auto, (max-width: 1165px) 100vw, 1165px\" \/><\/p>\n","protected":false},"excerpt":{"rendered":"<p>L\u2019Institut national des p\u00eaches autochtones vise \u00e0 promouvoir l\u2019uniformit\u00e9 et les normes nationales dans les programmes et pratiques autochtones afin de maximiser les avantages pour les collectivit\u00e9s. L\u2019Institut a \u00e9t\u00e9 cr\u00e9\u00e9 en mai\u00a02017 \u00e0 la suite du Forum national sur les p\u00eaches et l\u2019aquaculture autochtones (anciennement connu sous le nom de Forum national sur les [&hellip;]<\/p>\n","protected":false},"author":3,"featured_media":0,"parent":0,"menu_order":0,"comment_status":"closed","ping_status":"closed","template":"","meta":{"footnotes":""},"class_list":["post-13","page","type-page","status-publish","hentry"],"_links":{"self":[{"href":"https:\/\/indigenousfisheries.ca\/fr\/wp-json\/wp\/v2\/pages\/13","targetHints":{"allow":["GET"]}}],"collection":[{"href":"https:\/\/indigenousfisheries.ca\/fr\/wp-json\/wp\/v2\/pages"}],"about":[{"href":"https:\/\/indigenousfisheries.ca\/fr\/wp-json\/wp\/v2\/types\/page"}],"author":[{"embeddable":true,"href":"https:\/\/indigenousfisheries.ca\/fr\/wp-json\/wp\/v2\/users\/3"}],"replies":[{"embeddable":true,"href":"https:\/\/indigenousfisheries.ca\/fr\/wp-json\/wp\/v2\/comments?post=13"}],"version-history":[{"count":30,"href":"https:\/\/indigenousfisheries.ca\/fr\/wp-json\/wp\/v2\/pages\/13\/revisions"}],"predecessor-version":[{"id":1461,"href":"https:\/\/indigenousfisheries.ca\/fr\/wp-json\/wp\/v2\/pages\/13\/revisions\/1461"}],"wp:attachment":[{"href":"https:\/\/indigenousfisheries.ca\/fr\/wp-json\/wp\/v2\/media?parent=13"}],"curies":[{"name":"wp","href":"https:\/\/api.w.org\/{rel}","templated":true}]}}