{"id":1305,"date":"2019-11-16T07:42:18","date_gmt":"2019-11-16T12:42:18","guid":{"rendered":"http:\/\/indigenousfisheries.ca\/fr\/?page_id=1305"},"modified":"2019-12-17T10:10:34","modified_gmt":"2019-12-17T15:10:34","slug":"background","status":"publish","type":"page","link":"https:\/\/indigenousfisheries.ca\/fr\/indigenous-program-review\/background\/","title":{"rendered":"Contexte de l\u2019Examen des programmes autochtones"},"content":{"rendered":"<p>L\u2019Examen des programmes autochtones \u00e9tait un examen technique de la vocation et de l\u2019\u00e9volution de chaque programme, afin de d\u00e9terminer ce qui pourrait devoir \u00eatre modifi\u00e9 ou am\u00e9lior\u00e9 pour optimiser les retomb\u00e9es pour les peuples et les collectivit\u00e9s autochtones dans tout le Canada.<\/p>\n<p>L\u2019Institut a commenc\u00e9 cet examen par une revue des \u00e9valuations, des audits, des propositions et des pratiques internes \u00e0 P\u00eaches et Oc\u00e9ans Canada, ainsi que des rapports externes concernant les programmes. Nous nous sommes \u00e9galement pench\u00e9s sur d\u2019autres programmes du gouvernement f\u00e9d\u00e9ral dont les objectifs ou le d\u00e9roulement sont interreli\u00e9s. Nous appelons cette partie des travaux \u00ab\u00a0examen documentaire\u00a0\u00bb.<\/p>\n<p>\u00c0 la lumi\u00e8re de cet examen documentaire, nous avons r\u00e9pertori\u00e9 certains th\u00e8mes et enjeux communs et nous en avons discut\u00e9. Nous avons \u00e9galement discut\u00e9 avec les responsables nationaux et r\u00e9gionaux du MPO charg\u00e9s de l\u2019administration de ces programmes.<\/p>\n<p>Ensuite, nous avons commenc\u00e9 \u00e0 mobiliser les peuples autochtones de plusieurs fa\u00e7ons.<\/p>\n<p>Tout d\u2019abord, nous avons pr\u00e9par\u00e9 des <a href=\"http:\/\/indigenousfisheries.ca\/fr\/discussion-materials\/\">documents de discussion<\/a> comprenant des questions auxquelles les groupes et les particuliers pouvaient r\u00e9pondre. Chaque document d\u00e9crivait le programme examin\u00e9 et comprenait un r\u00e9sum\u00e9 des constatations de l\u2019examen documentaire, les r\u00e9sultats de nos discussions et la r\u00e9troaction des repr\u00e9sentants du Minist\u00e8re.<\/p>\n<p>Deuxi\u00e8mement, nous avons eu des rencontres en personne avec les collectivit\u00e9s et les groupes autochtones dans le <a href=\"http:\/\/indigenousfisheries.ca\/fr\/indigenous-program-review\/engagement-materials\/\">cadre d\u2019ateliers propres \u00e0 un programme et d\u2019autres s\u00e9ances d\u2019engagement<\/a>. Ces rencontres ont eu lieu partout au Canada, y compris dans le Nord.<\/p>\n<p><span style=\"font-size: inherit;\">Troisi\u00e8mement, nous avons gard\u00e9 de multiples canaux de communication ouverts \u00e0 l\u2019intention des gens, afin qu\u2019ils sachent que leurs points de vue sont les bienvenus et qu\u2019ils puissent poser des questions. Ces canaux comprennent les m\u00e9dias sociaux (<a href=\"https:\/\/www.facebook.com\/indigenousfisheries\/?ref=br_rs\">Facebook<\/a> et <a href=\"https:\/\/twitter.com\/IndigenousFish?lang=en\">Twitter<\/a>), <a href=\"http:\/\/indigenousfisheries.ca\/fr\/contact\/\">le courriel<\/a>, le t\u00e9l\u00e9phone et la poste.<\/span><\/p>\n<p><img loading=\"lazy\" decoding=\"async\" class=\"aligncenter wp-image-1475 size-large\" src=\"http:\/\/indigenousfisheries.ca\/fr\/wp-content\/uploads\/2019\/12\/IPR-Flow-chart-FULL-illustration-Horizontal-LG-French-1024x329.jpeg\" alt=\"\" width=\"1024\" height=\"329\" srcset=\"https:\/\/indigenousfisheries.ca\/fr\/wp-content\/uploads\/2019\/12\/IPR-Flow-chart-FULL-illustration-Horizontal-LG-French-1024x329.jpeg 1024w, https:\/\/indigenousfisheries.ca\/fr\/wp-content\/uploads\/2019\/12\/IPR-Flow-chart-FULL-illustration-Horizontal-LG-French-300x96.jpeg 300w, https:\/\/indigenousfisheries.ca\/fr\/wp-content\/uploads\/2019\/12\/IPR-Flow-chart-FULL-illustration-Horizontal-LG-French-768x247.jpeg 768w, https:\/\/indigenousfisheries.ca\/fr\/wp-content\/uploads\/2019\/12\/IPR-Flow-chart-FULL-illustration-Horizontal-LG-French.jpeg 1280w\" sizes=\"auto, (max-width: 1024px) 100vw, 1024px\" \/><\/p>\n","protected":false},"excerpt":{"rendered":"<p>L\u2019Examen des programmes autochtones \u00e9tait un examen technique de la vocation et de l\u2019\u00e9volution de chaque programme, afin de d\u00e9terminer ce qui pourrait devoir \u00eatre modifi\u00e9 ou am\u00e9lior\u00e9 pour optimiser les retomb\u00e9es pour les peuples et les collectivit\u00e9s autochtones dans tout le Canada. L\u2019Institut a commenc\u00e9 cet examen par une revue des \u00e9valuations, des audits, [&hellip;]<\/p>\n","protected":false},"author":3,"featured_media":0,"parent":236,"menu_order":0,"comment_status":"closed","ping_status":"closed","template":"","meta":{"footnotes":""},"class_list":["post-1305","page","type-page","status-publish","hentry"],"_links":{"self":[{"href":"https:\/\/indigenousfisheries.ca\/fr\/wp-json\/wp\/v2\/pages\/1305","targetHints":{"allow":["GET"]}}],"collection":[{"href":"https:\/\/indigenousfisheries.ca\/fr\/wp-json\/wp\/v2\/pages"}],"about":[{"href":"https:\/\/indigenousfisheries.ca\/fr\/wp-json\/wp\/v2\/types\/page"}],"author":[{"embeddable":true,"href":"https:\/\/indigenousfisheries.ca\/fr\/wp-json\/wp\/v2\/users\/3"}],"replies":[{"embeddable":true,"href":"https:\/\/indigenousfisheries.ca\/fr\/wp-json\/wp\/v2\/comments?post=1305"}],"version-history":[{"count":6,"href":"https:\/\/indigenousfisheries.ca\/fr\/wp-json\/wp\/v2\/pages\/1305\/revisions"}],"predecessor-version":[{"id":1579,"href":"https:\/\/indigenousfisheries.ca\/fr\/wp-json\/wp\/v2\/pages\/1305\/revisions\/1579"}],"up":[{"embeddable":true,"href":"https:\/\/indigenousfisheries.ca\/fr\/wp-json\/wp\/v2\/pages\/236"}],"wp:attachment":[{"href":"https:\/\/indigenousfisheries.ca\/fr\/wp-json\/wp\/v2\/media?parent=1305"}],"curies":[{"name":"wp","href":"https:\/\/api.w.org\/{rel}","templated":true}]}}