{"id":1308,"date":"2019-11-16T07:49:07","date_gmt":"2019-11-16T12:49:07","guid":{"rendered":"http:\/\/indigenousfisheries.ca\/fr\/?page_id=1308"},"modified":"2023-10-13T09:11:29","modified_gmt":"2023-10-13T13:11:29","slug":"reports","status":"publish","type":"page","link":"https:\/\/indigenousfisheries.ca\/fr\/indigenous-program-review\/reports\/","title":{"rendered":"Rapports finaux de l\u2019Examen des programmes autochtones"},"content":{"rendered":"<p>L&#8217;IPR a produit 141 recommandations pour des programmes sp\u00e9cifiques au P\u00eaches et Oc\u00e9ans Canada. Vous pouvez consulter les recommandations dans nos 3 rapports finaux ci-dessous.<\/p>\n<ul>\n<li><a href=\"http:\/\/indigenousfisheries.ca\/fr\/wp-content\/uploads\/2019\/12\/Examen-des-programmes-autochtones_Premiere-phase-du-rapport-final_FINAL.pdf\">Phase 1 (mai 2018)<\/a>\n<ul>\n<li>Programme autochtone de gestion des ressources aquatiques et oc\u00e9aniques<\/li>\n<li>Initiative des p\u00eaches commerciales int\u00e9gr\u00e9es de l\u2019Atlantique<\/li>\n<li>Initiative des p\u00eaches commerciales int\u00e9gr\u00e9es du Pacifique<\/li>\n<\/ul>\n<\/li>\n<\/ul>\n<ul>\n<li><a href=\"http:\/\/indigenousfisheries.ca\/fr\/wp-content\/uploads\/2019\/12\/Institut_Examen-des-programmes-autochtones_Deuxi\u00e8me-phase-du-rapport-final.pdf\">Phase 2 (mai 2019)<\/a>\n<ul>\n<li>Programme de la Strat\u00e9gie relative aux p\u00eaches autochtones<\/li>\n<li>Programme des gardes-p\u00eache autochtones<\/li>\n<\/ul>\n<\/li>\n<\/ul>\n<ul>\n<li><a href=\"http:\/\/indigenousfisheries.ca\/fr\/wp-content\/uploads\/2019\/03\/Initiative-des-peches-commer-ciales-integrees-du-Nord.pdf\">Initiative des p\u00eaches commerciales int\u00e9gr\u00e9es du Nord (mars 2019)<\/a><\/li>\n<\/ul>\n\n\n<p><\/p>\n","protected":false},"excerpt":{"rendered":"<p>L&#8217;IPR a produit 141 recommandations pour des programmes sp\u00e9cifiques au P\u00eaches et Oc\u00e9ans Canada. Vous pouvez consulter les recommandations dans nos 3 rapports finaux ci-dessous. Phase 1 (mai 2018) Programme autochtone de gestion des ressources aquatiques et oc\u00e9aniques Initiative des p\u00eaches commerciales int\u00e9gr\u00e9es de l\u2019Atlantique Initiative des p\u00eaches commerciales int\u00e9gr\u00e9es du Pacifique Phase 2 (mai [&hellip;]<\/p>\n","protected":false},"author":3,"featured_media":0,"parent":236,"menu_order":0,"comment_status":"closed","ping_status":"closed","template":"","meta":{"footnotes":""},"class_list":["post-1308","page","type-page","status-publish","hentry"],"_links":{"self":[{"href":"https:\/\/indigenousfisheries.ca\/fr\/wp-json\/wp\/v2\/pages\/1308","targetHints":{"allow":["GET"]}}],"collection":[{"href":"https:\/\/indigenousfisheries.ca\/fr\/wp-json\/wp\/v2\/pages"}],"about":[{"href":"https:\/\/indigenousfisheries.ca\/fr\/wp-json\/wp\/v2\/types\/page"}],"author":[{"embeddable":true,"href":"https:\/\/indigenousfisheries.ca\/fr\/wp-json\/wp\/v2\/users\/3"}],"replies":[{"embeddable":true,"href":"https:\/\/indigenousfisheries.ca\/fr\/wp-json\/wp\/v2\/comments?post=1308"}],"version-history":[{"count":8,"href":"https:\/\/indigenousfisheries.ca\/fr\/wp-json\/wp\/v2\/pages\/1308\/revisions"}],"predecessor-version":[{"id":2020,"href":"https:\/\/indigenousfisheries.ca\/fr\/wp-json\/wp\/v2\/pages\/1308\/revisions\/2020"}],"up":[{"embeddable":true,"href":"https:\/\/indigenousfisheries.ca\/fr\/wp-json\/wp\/v2\/pages\/236"}],"wp:attachment":[{"href":"https:\/\/indigenousfisheries.ca\/fr\/wp-json\/wp\/v2\/media?parent=1308"}],"curies":[{"name":"wp","href":"https:\/\/api.w.org\/{rel}","templated":true}]}}