{"id":1315,"date":"2019-11-16T07:52:23","date_gmt":"2019-11-16T12:52:23","guid":{"rendered":"http:\/\/indigenousfisheries.ca\/fr\/?page_id=1315"},"modified":"2019-12-18T10:46:08","modified_gmt":"2019-12-18T15:46:08","slug":"northern-fisheries","status":"publish","type":"page","link":"https:\/\/indigenousfisheries.ca\/fr\/projects\/northern-fisheries\/","title":{"rendered":"Ex\u00e9cution conjointe de l\u2019Initiative des p\u00eaches commerciales int\u00e9gr\u00e9es du Nord"},"content":{"rendered":"\n<div class=\"wp-block-image\"><figure class=\"aligncenter size-large\"><img loading=\"lazy\" decoding=\"async\" width=\"1024\" height=\"527\" src=\"http:\/\/indigenousfisheries.ca\/fr\/wp-content\/uploads\/2019\/12\/NICFI-Brand-Scene-French-1024x527.jpg\" alt=\"\" class=\"wp-image-1594\" srcset=\"https:\/\/indigenousfisheries.ca\/fr\/wp-content\/uploads\/2019\/12\/NICFI-Brand-Scene-French-1024x527.jpg 1024w, https:\/\/indigenousfisheries.ca\/fr\/wp-content\/uploads\/2019\/12\/NICFI-Brand-Scene-French-300x154.jpg 300w, https:\/\/indigenousfisheries.ca\/fr\/wp-content\/uploads\/2019\/12\/NICFI-Brand-Scene-French-768x395.jpg 768w, https:\/\/indigenousfisheries.ca\/fr\/wp-content\/uploads\/2019\/12\/NICFI-Brand-Scene-French-1536x791.jpg 1536w, https:\/\/indigenousfisheries.ca\/fr\/wp-content\/uploads\/2019\/12\/NICFI-Brand-Scene-French-2048x1054.jpg 2048w\" sizes=\"auto, (max-width: 1024px) 100vw, 1024px\" \/><\/figure><\/div>\n\n\n<p>L\u2019Initiative des p\u00eaches commerciales int\u00e9gr\u00e9es du Nord est un programme de renforcement des capacit\u00e9s con\u00e7u conjointement pour aider les collectivit\u00e9s et les groupes autochtones admissibles \u00e0:<\/p>\n<ul>\n<li>Cr\u00e9er des emplois int\u00e9ressants<\/li>\n<li>Acqu\u00e9rir les connaissances et les comp\u00e9tences n\u00e9cessaires pour g\u00e9rer des entreprises de p\u00eache commerciale et des activit\u00e9s d\u2019aquaculture<\/li>\n<li>Avoir acc\u00e8s \u00e0 une formation pour p\u00eacher et produire du poisson en toute s\u00e9curit\u00e9 et pour exploiter efficacement des navires<\/li>\n<li>Accro\u00eetre le rendement \u00e9conomique des p\u00eaches et de l\u2019aquaculture au profit des collectivit\u00e9s, \u00e0 l\u2019\u00e9chelle locale et au\u2011del\u00e0<\/li>\n<\/ul>\n<p>Au fil du temps, le programme aidera \u00e9galement les participants autochtones \u00e0 jeter les bases de solides structures de gouvernance de la p\u00eache commerciale et de l\u2019aquaculture et \u00e0 acqu\u00e9rir la capacit\u00e9 de r\u00e9pondre de fa\u00e7on ind\u00e9pendante aux besoins futurs en mati\u00e8re d\u2019administration et de formation de leur entreprise.<\/p>\n<p>Le programme a \u00e9t\u00e9 lanc\u00e9 au printemps&nbsp;2019, \u00e0 la suite <a href=\"http:\/\/indigenousfisheries.ca\/fr\/indigenous-program-review-2-2\/engagement-materials\/\">d\u2019une vaste contribution des participants admissibles<\/a> \u00e0 la conception et \u00e0 l\u2019\u00e9laboration du programme. Il s\u2019inspire des programmes de l\u2019Atlantique et du Pacifique, tout en r\u00e9pondant aux besoins uniques du Nord. Il comporte \u00e9galement un mod\u00e8le de programme de redistribution qui aidera les collectivit\u00e9s \u00e0 r\u00e9gler les probl\u00e8mes de s\u00e9curit\u00e9 alimentaire et \u00e0 commercialiser le poisson et les produits de la mer sur les march\u00e9s locaux.<\/p>\n<ul>\n<li><a href=\"http:\/\/indigenousfisheries.ca\/fr\/wp-content\/uploads\/2019\/03\/Initiative-des-peches-commer-ciales-integrees-du-Nord.pdf\" target=\"_blank\" rel=\"noopener noreferrer\"><u>Rapport final sur l\u2019Initiative des p\u00eaches commerciales int\u00e9gr\u00e9es du Nord<\/u><\/a><\/li>\n<li>Infographie: <a href=\"http:\/\/indigenousfisheries.ca\/fr\/wp-content\/uploads\/2019\/11\/Mod\u00e8le-de-Redistribution.pdf\" target=\"_blank\" rel=\"noopener noreferrer\"><u>Comment fonctionne le mod\u00e8le de redistribution<\/u>?<\/a><\/li>\n<\/ul>\n<p>L\u2019Institut collabore avec P\u00eaches et Oc\u00e9ans Canada et d\u2019autres partenaires \u00e0 la mise en \u0153uvre de ce programme pour le Nord. Cela comprend le soutien \u00e0 l\u2019\u00e9laboration de produits et d\u2019activit\u00e9s de communication, afin d\u2019accro\u00eetre la sensibilisation et la compr\u00e9hension relativement aux services du programme et aux processus \u00e0 suivre en tant que participant au programme.<\/p>\n<p><strong>&nbsp;<\/strong><strong>Outils d\u2019int\u00e9r\u00eat<\/strong><\/p>\n<ul>\n<li><a href=\"https:\/\/www.dfo-mpo.gc.ca\/fisheries-peches\/aboriginal-autochtones\/nicfi-ipcin\/index-fra.html\">Documents d\u2019orientation du programme<\/a><\/li>\n<li>Qu\u2019est-ce que l\u2019\u00e9quipe de d\u00e9veloppement des affaires \u2013 et comment puis-je la joindre?<\/li>\n<\/ul>","protected":false},"excerpt":{"rendered":"<p>L\u2019Initiative des p\u00eaches commerciales int\u00e9gr\u00e9es du Nord est un programme de renforcement des capacit\u00e9s con\u00e7u conjointement pour aider les collectivit\u00e9s et les groupes autochtones admissibles \u00e0: Cr\u00e9er des emplois int\u00e9ressants Acqu\u00e9rir les connaissances et les comp\u00e9tences n\u00e9cessaires pour g\u00e9rer des entreprises de p\u00eache commerciale et des activit\u00e9s d\u2019aquaculture Avoir acc\u00e8s \u00e0 une formation pour p\u00eacher [&hellip;]<\/p>\n","protected":false},"author":3,"featured_media":0,"parent":1280,"menu_order":0,"comment_status":"closed","ping_status":"closed","template":"page-templates\/no-title.php","meta":{"footnotes":""},"class_list":["post-1315","page","type-page","status-publish","hentry"],"_links":{"self":[{"href":"https:\/\/indigenousfisheries.ca\/fr\/wp-json\/wp\/v2\/pages\/1315","targetHints":{"allow":["GET"]}}],"collection":[{"href":"https:\/\/indigenousfisheries.ca\/fr\/wp-json\/wp\/v2\/pages"}],"about":[{"href":"https:\/\/indigenousfisheries.ca\/fr\/wp-json\/wp\/v2\/types\/page"}],"author":[{"embeddable":true,"href":"https:\/\/indigenousfisheries.ca\/fr\/wp-json\/wp\/v2\/users\/3"}],"replies":[{"embeddable":true,"href":"https:\/\/indigenousfisheries.ca\/fr\/wp-json\/wp\/v2\/comments?post=1315"}],"version-history":[{"count":18,"href":"https:\/\/indigenousfisheries.ca\/fr\/wp-json\/wp\/v2\/pages\/1315\/revisions"}],"predecessor-version":[{"id":1596,"href":"https:\/\/indigenousfisheries.ca\/fr\/wp-json\/wp\/v2\/pages\/1315\/revisions\/1596"}],"up":[{"embeddable":true,"href":"https:\/\/indigenousfisheries.ca\/fr\/wp-json\/wp\/v2\/pages\/1280"}],"wp:attachment":[{"href":"https:\/\/indigenousfisheries.ca\/fr\/wp-json\/wp\/v2\/media?parent=1315"}],"curies":[{"name":"wp","href":"https:\/\/api.w.org\/{rel}","templated":true}]}}