{"id":1318,"date":"2019-11-16T07:53:44","date_gmt":"2019-11-16T12:53:44","guid":{"rendered":"http:\/\/indigenousfisheries.ca\/fr\/?page_id=1318"},"modified":"2020-05-07T16:17:18","modified_gmt":"2020-05-07T20:17:18","slug":"salmon-restoration","status":"publish","type":"page","link":"https:\/\/indigenousfisheries.ca\/fr\/projects\/salmon-restoration\/","title":{"rendered":"Projets du Fonds de restauration et d\u2019innovation pour le saumon de la C.-B."},"content":{"rendered":"<div id=\"bcsalmon_table\">\n<div id=\"firstrow\" class=\"s_tr\">\n<div class=\"s_td\"><img loading=\"lazy\" decoding=\"async\" class=\"aligncenter size-full wp-image-1443\" src=\"http:\/\/indigenousfisheries.ca\/fr\/wp-content\/uploads\/2019\/11\/salmon-header.png\" alt=\"\" width=\"605\" height=\"379\" srcset=\"https:\/\/indigenousfisheries.ca\/fr\/wp-content\/uploads\/2019\/11\/salmon-header.png 605w, https:\/\/indigenousfisheries.ca\/fr\/wp-content\/uploads\/2019\/11\/salmon-header-300x188.png 300w\" sizes=\"auto, (max-width: 605px) 100vw, 605px\" \/><\/div>\n<div class=\"s_td\">\n<h1>Projets du Fonds de restauration et d\u2019innovation pour le saumon de la C.-B.<\/h1>\n<p><a class=\"orange\" href=\"http:\/\/indigenousfisheries.ca\/fr\/wp-content\/uploads\/2019\/12\/FRISCB_huit-concepts.pdf\" target=\"_blank\" rel=\"noopener noreferrer\">\u2022 Description des projets pour les ateliers (PDF)<\/a><\/p>\n<p>L\u2019Institut national des p\u00eaches autochtones et le Conseil des p\u00eaches des Premi\u00e8res nations de la C.-B. se sont associ\u00e9s pour engager les organisations, les entreprises et les collectivit\u00e9s autochtones \u00e0 des initiatives multinations \u00e0 grande \u00e9chelle que le Fonds de restauration et d\u2019innovation pour le saumon de la Colombie-Britannique (FRISCB) pourrait financer. Ces initiatives ont pour but d\u2019appuyer les Autochtones \u00e0 participer davantage aux partenariats scientifiques, \u00e0 l\u2019innovation et aux investissements dans les infrastructures qui am\u00e9liorent la productivit\u00e9, la durabilit\u00e9 et la s\u00e9curit\u00e9 dans l\u2019ensemble du secteur de la p\u00eache et de l&#8217;aquaculture.<\/p>\n<p><strong><br \/>\n<\/strong>Huit projets propos\u00e9s sont d\u00e9crits ci\u2011dessous. Au cours des ateliers, des documents conceptuels bas\u00e9s sur ces projets ont \u00e9t\u00e9 discut\u00e9s et r\u00e9vis\u00e9s. Les documents sont utilis\u00e9s pour informer le d\u00e9veloppement des manifestations d&#8217;int\u00e9r\u00eat qui seront envoy\u00e9es au BCSRIF lors de la publication du prochain appel \u00e0 propositions.<\/p>\n<\/div>\n<\/div>\n<div class=\"s_tr\">\n<div class=\"s_td\">\n<p><span style=\"color: #a6a451; font-weight: bold;\">1. Outils et formation normalis\u00e9s de surveillance et de collecte de donn\u00e9es sur les salmonid\u00e9s et l\u2019\u00e9cologie<\/span><\/p>\n<p><strong>Concept :<\/strong> Les fonds du FRISCB appuieraient pour :<\/p>\n<ul>\n<li>Inventorier les outils existants utilis\u00e9s par les groupes et les collectivit\u00e9s pour surveiller ou recueillir des donn\u00e9es sur les stocks de poissons, les p\u00eaches, l\u2019habitat et la qualit\u00e9 de l\u2019eau, les dommages\/obstructions caus\u00e9s par le d\u00e9bit, les changements de terrain et la vuln\u00e9rabilit\u00e9 aux zones riveraines et aux habitats<\/li>\n<li>\u00c9tablir les meilleurs outils pour ces activit\u00e9s et pour ceux qui en ont besoin<\/li>\n<li>R\u00e9unir les PAGRAO, les Premi\u00e8res Nations et les partenaires gouvernementaux pour s\u2019entendre sur : 1) les outils normalis\u00e9s de surveillance et de collecte de donn\u00e9es, 2) la formation requise, 3) le protocole de communication des donn\u00e9es<\/li>\n<li>D\u00e9terminer les possibilit\u00e9s pour les PAGRAO et les Premi\u00e8res Nations d\u2019offrir des services de surveillance et de collecte de donn\u00e9es aux gouvernements sous contrat<\/li>\n<\/ul>\n<\/div>\n<div class=\"s_td\">\n<p><span style=\"color: #a6a451; font-weight: bold;\">2. Cartographie SIG des zones riveraines afin d\u2019\u00e9clairer la capacit\u00e9 de vuln\u00e9rabilit\u00e9 aux risques et la planification des voies navigables sensibles \u00e0 l\u2019aide de drones et de la technologie LiDAR<\/span><\/p>\n<p><strong>Concept :<\/strong> Les fonds du FRISCB appuieraient les PAGRAO pour :<\/p>\n<ul>\n<li>Deux \u00e0 quatre projets pilotes (pour commencer) avec des PAGRAO pour recueillir des donn\u00e9es de base et des donn\u00e9es subs\u00e9quentes afin de comparer les changements dans le paysage<\/li>\n<li>Les donn\u00e9es SIG interpr\u00e9t\u00e9es serviraient ensuite \u00e0 \u00e9laborer des cartes communautaires des bassins hydrographiques (qui \u00e9claireraient les processus \u00e0 long terme d\u2019att\u00e9nuation de la vuln\u00e9rabilit\u00e9 aux risques et de planification de l\u2019intervention)\n<ul>\n<li>Donn\u00e9es interpr\u00e9t\u00e9es \u00e0 diffuser sur une plate-forme en ligne<\/li>\n<li>Prise de d\u00e9cision en collaboration pour \u00e9tablir une plate-forme en ligne et un responsable de la coordination<\/li>\n<\/ul>\n<\/li>\n<li>Partenariat avec la Map Shop Collaborative de l\u2019Universit\u00e9 de Victoria<\/li>\n<\/ul>\n<\/div>\n<\/div>\n<div class=\"s_tr\">\n<div class=\"s_td\">\n<p><span style=\"color: #a6a451; font-weight: bold;\">3. Qualit\u00e9 de l\u2019eau d\u2019aquaculture, science et surveillance<\/span><\/p>\n<p><strong>Concept :<\/strong> Les fonds du FRISCB aideraient plus des Premi\u00e8res Nations \u00e0 :<\/p>\n<ul>\n<li>Surveiller la qualit\u00e9 de l&#8217;eau des installations d&#8217;aquaculture marine, leur \u00e9vacuation des eaux us\u00e9es et leur impact sur la sant\u00e9 de l&#8217;environnement<\/li>\n<li>Entreprendre des recherches scientifiques et utiliser les connaissances autochtones pour \u00e9clairer la prise de d\u00e9cision<\/li>\n<li>Accro\u00eetre la capacit\u00e9 et les possibilit\u00e9s de d\u00e9veloppement \u00e9conomique pour que les Premi\u00e8res nations puissent participer davantage aux activit\u00e9s aquacoles techniques et industrielles<\/li>\n<\/ul>\n<\/div>\n<div class=\"s_td\">\n<p><span style=\"color: #a6a451; font-weight: bold;\">4. Participation du PAGRAO au Pacific Salmon-Ecosystem Climate Consortium<\/span><\/p>\n<p><strong>Concept :<\/strong> Les fonds du FRISCB aideraient des partenaires autochtones du Pacific Climate Impacts Consortium et des travaux scientifiques qu\u2019il entreprend<\/p>\n<ul>\n<li>Les PAGRAO passent en revue leurs \u00e9tudes et leurs partenariats de recherche ant\u00e9rieurs sur les impacts du climat sur le saumon et son habitat afin de se pr\u00e9parer \u00e0 une s\u00e9ance d\u2019un ou deux\u00a0jours \u00e0 laquelle participeront le MPO et d\u2019autres scientifiques<\/li>\n<li>Le rapport final de la s\u00e9ance d\u00e9crirait un plan de travail pour les surveillants du PAGRAO et des collectivit\u00e9s membres identifi\u00e9s dans le concept n<sup>o<\/sup>1 afin de recueillir des donn\u00e9es pour \u00e9clairer le r\u00e9tablissement et la restauration de l\u2019habitat du saumon \u00e0 grande \u00e9chelle<\/li>\n<li>La deuxi\u00e8me phase appuierait les surveillants du PAGRAO et des collectivit\u00e9s membres pour la mise en \u0153uvre du plan de travail et d\u2019autres travaux de recherche en partenariat sur les bassins hydrographiques<\/li>\n<\/ul>\n<\/div>\n<\/div>\n<div class=\"s_tr\">\n<div class=\"s_td\">\n<p><span style=\"color: #a6a451; font-weight: bold;\">5. Plans de gestion de l\u2019habitat de l\u2019estuaire des Premi\u00e8res Nations (ax\u00e9s sur les p\u00eaches)<\/span><\/p>\n<p><strong>Concept :<\/strong> Les fonds du FRISCB appuieraient les PAGRAO et les Premi\u00e8res Nations pour l\u2019\u00e9laboration de plans de gestion de l\u2019habitat de l\u2019estuaire afin d\u2019aider les collectivit\u00e9s \u00e0 d\u00e9finir leurs priorit\u00e9s en mati\u00e8re de p\u00eache aux tables techniques et d\u00e9cisionnelles de planification spatiale marine<\/p>\n<ul>\n<li>Collaborer avec les PAGRAO pour \u00e9valuer la planification actuelle de la gestion de l\u2019habitat de l\u2019estuaire (et les plans, le cas \u00e9ch\u00e9ant) et pour mettre \u00e0 jour ou \u00e9laborer des plans (au besoin).<\/li>\n<li>Tirer parti des pratiques exemplaires des Premi\u00e8res Nations et combler les lacunes \u00e0 mesure que les activit\u00e9s d\u2019am\u00e9nagement de l\u2019espace marin s\u2019acc\u00e9l\u00e8rent<\/li>\n<\/ul>\n<\/div>\n<div class=\"s_td\">\n<p><span style=\"color: #a6a451; font-weight: bold;\">6. R\u00e9agir aux r\u00e9percussions d\u2019autres industries sur l\u2019habitat des salmonid\u00e9s<\/span><\/p>\n<p><strong>Concept :<\/strong> Les fonds du FRISCB aideraient les PAGRAO et les Premi\u00e8res Nations \u00e0 renforcer leur capacit\u00e9 de participer davantage aux possibilit\u00e9s \u00e9conomiques de r\u00e9tablissement de l\u2019habitat, notamment par l\u2019approvisionnement<\/p>\n<ul>\n<li>Le renforcement des capacit\u00e9s permettrait aux Premi\u00e8res Nations de participer davantage \u00e0 d\u2019autres programmes de r\u00e9tablissement de l\u2019habitat (c.-\u00e0-d. ceux qui ont \u00e9t\u00e9 mis sur pied pour enlever des barrages ou des ponceaux ou pour r\u00e9agir aux r\u00e9percussions des activit\u00e9s mini\u00e8res, foresti\u00e8res ou agricoles)<\/li>\n<li>Soutien au mentorat et au d\u00e9veloppement des entreprises<\/li>\n<li>Tirer parti des pratiques exemplaires des Premi\u00e8res Nations<\/li>\n<\/ul>\n<\/div>\n<\/div>\n<div class=\"s_tr\">\n<div class=\"s_td\">\n<p><span style=\"color: #a6a451; font-weight: bold;\">7. R\u00e9seau de contact des Premi\u00e8res Nations en cas de catastrophe naturelle<\/span><\/p>\n<p><strong>Concept :<\/strong> Les fonds du FRISCB appuieraient la cr\u00e9ation et le maintien d\u2019un r\u00e9seau des Premi\u00e8res Nations de la C.-B. sur les catastrophes naturelles<\/p>\n<ul>\n<li>Une liste de personnes-ressources des Premi\u00e8res Nations \u00e0 l\u2019\u00e9chelle de la Colombie\u2011Britannique pour que les gouvernements f\u00e9d\u00e9ral et provinciaux et les administrations municipales puissent collaborer plus facilement (et plus rapidement) lors de catastrophes naturelles et d\u2019\u00e9v\u00e9nements environnementaux<\/li>\n<li>D\u2019apr\u00e8s les le\u00e7ons apprises lors du glissement de terrain de Big Bar (et d\u2019autres \u00e9v\u00e9nements pass\u00e9s)<\/li>\n<li>De petits montants de financement pourraient aider chaque ann\u00e9e dans les collectivit\u00e9s<\/li>\n<li>Bonnes possibilit\u00e9s d\u2019emploi pour les \u00e9tudiants des Premi\u00e8res Nations (stagiaires)<\/li>\n<\/ul>\n<\/div>\n<div class=\"s_td\">\n<p><span style=\"color: #a6a451; font-weight: bold;\">8. Strat\u00e9gie de r\u00e9tablissement des salmonid\u00e9s<\/span><\/p>\n<ul>\n<li>Possibilit\u00e9 pour les PAGRAO et d\u2019autres intervenants de faire part de leurs id\u00e9es issues de la <em>Recommendations pour une Strat\u00e9gie sur le saumon sauvage fabriqu\u00e9 en C.-B.<\/em> et de la <em>Politique concernant le saumon sauvage<\/em><\/li>\n<\/ul>\n<\/div>\n<\/div>\n<\/div>\n<p><img loading=\"lazy\" decoding=\"async\" class=\"aligncenter size-large wp-image-1440\" src=\"http:\/\/indigenousfisheries.ca\/fr\/wp-content\/uploads\/2019\/11\/salmon-footer-1024x172.jpg\" alt=\"\" width=\"1024\" height=\"172\" srcset=\"https:\/\/indigenousfisheries.ca\/fr\/wp-content\/uploads\/2019\/11\/salmon-footer-1024x172.jpg 1024w, https:\/\/indigenousfisheries.ca\/fr\/wp-content\/uploads\/2019\/11\/salmon-footer-300x50.jpg 300w, https:\/\/indigenousfisheries.ca\/fr\/wp-content\/uploads\/2019\/11\/salmon-footer-768x129.jpg 768w, https:\/\/indigenousfisheries.ca\/fr\/wp-content\/uploads\/2019\/11\/salmon-footer.jpg 1920w\" sizes=\"auto, (max-width: 1024px) 100vw, 1024px\" \/><\/p>\n","protected":false},"excerpt":{"rendered":"<p>Projets du Fonds de restauration et d\u2019innovation pour le saumon de la C.-B. \u2022 Description des projets pour les ateliers (PDF) L\u2019Institut national des p\u00eaches autochtones et le Conseil des p\u00eaches des Premi\u00e8res nations de la C.-B. se sont associ\u00e9s pour engager les organisations, les entreprises et les collectivit\u00e9s autochtones \u00e0 des initiatives multinations \u00e0 [&hellip;]<\/p>\n","protected":false},"author":3,"featured_media":0,"parent":1280,"menu_order":0,"comment_status":"closed","ping_status":"closed","template":"page-templates\/no-title.php","meta":{"footnotes":""},"class_list":["post-1318","page","type-page","status-publish","hentry"],"_links":{"self":[{"href":"https:\/\/indigenousfisheries.ca\/fr\/wp-json\/wp\/v2\/pages\/1318","targetHints":{"allow":["GET"]}}],"collection":[{"href":"https:\/\/indigenousfisheries.ca\/fr\/wp-json\/wp\/v2\/pages"}],"about":[{"href":"https:\/\/indigenousfisheries.ca\/fr\/wp-json\/wp\/v2\/types\/page"}],"author":[{"embeddable":true,"href":"https:\/\/indigenousfisheries.ca\/fr\/wp-json\/wp\/v2\/users\/3"}],"replies":[{"embeddable":true,"href":"https:\/\/indigenousfisheries.ca\/fr\/wp-json\/wp\/v2\/comments?post=1318"}],"version-history":[{"count":27,"href":"https:\/\/indigenousfisheries.ca\/fr\/wp-json\/wp\/v2\/pages\/1318\/revisions"}],"predecessor-version":[{"id":1630,"href":"https:\/\/indigenousfisheries.ca\/fr\/wp-json\/wp\/v2\/pages\/1318\/revisions\/1630"}],"up":[{"embeddable":true,"href":"https:\/\/indigenousfisheries.ca\/fr\/wp-json\/wp\/v2\/pages\/1280"}],"wp:attachment":[{"href":"https:\/\/indigenousfisheries.ca\/fr\/wp-json\/wp\/v2\/media?parent=1318"}],"curies":[{"name":"wp","href":"https:\/\/api.w.org\/{rel}","templated":true}]}}