{"id":1339,"date":"2019-11-16T13:37:06","date_gmt":"2019-11-16T18:37:06","guid":{"rendered":"http:\/\/indigenousfisheries.ca\/fr\/?page_id=1339"},"modified":"2020-05-07T16:23:33","modified_gmt":"2020-05-07T20:23:33","slug":"implementation","status":"publish","type":"page","link":"https:\/\/indigenousfisheries.ca\/fr\/indigenous-program-review\/implementation\/","title":{"rendered":"Mise en \u0153uvre de l\u2019Examen des programmes autochtones"},"content":{"rendered":"<p>Les points de vue des peuples, des collectivit\u00e9s, des entreprises et des organisations autochtones ont fa\u00e7onn\u00e9 les recommandations d\u00e9coulant de l\u2019Examen des programmes autochtones sur la fa\u00e7on dont le Minist\u00e8re doit am\u00e9liorer ses programmes et acc\u00e9l\u00e9rer le succ\u00e8s, gr\u00e2ce \u00e0 trois approches:<img loading=\"lazy\" decoding=\"async\" class=\"wp-image-1471 size-full alignright\" src=\"http:\/\/indigenousfisheries.ca\/fr\/wp-content\/uploads\/2019\/12\/ignite.png\" alt=\"\" width=\"336\" height=\"247\" srcset=\"https:\/\/indigenousfisheries.ca\/fr\/wp-content\/uploads\/2019\/12\/ignite.png 336w, https:\/\/indigenousfisheries.ca\/fr\/wp-content\/uploads\/2019\/12\/ignite-300x221.png 300w\" sizes=\"auto, (max-width: 336px) 100vw, 336px\" \/><\/p>\n<ol>\n<li style=\"padding: 5px;\"><strong style=\"color: #88171b;\"><strong>prendre des mesures pratiques<\/strong><\/strong> pour rendre l\u2019administration des programmes plus efficace<\/li>\n<li style=\"padding: 5px;\"><strong style=\"color: #88171b;\"><strong>attiser un changement de culture<\/strong><\/strong> dans toutes les r\u00e9gions et tous les secteurs du MPO en abordant le renouvellement des programmes sous l\u2019angle de la v\u00e9rit\u00e9 et de la r\u00e9conciliation \u2013 ainsi que de l\u2019objectif \u00e0 long terme de relation \u00e9quilibr\u00e9e entre le gouvernement du Canada et les collectivit\u00e9s autochtones<\/li>\n<li style=\"padding: 5px;\"><strong style=\"color: #88171b;\"><strong>concilier la gestion des ressources<\/strong><\/strong> en reconnaissant la capacit\u00e9 de cogestion des peuples autochtones ainsi que leur comp\u00e9tence et leur autorit\u00e9 sur les ressources territoriales<\/li>\n<\/ol>\n<p>L\u2019Institut suit les <a href=\"http:\/\/indigenousfisheries.ca\/fr\/indigenous-program-review-2-2\/tracking-progress\/\">progr\u00e8s r\u00e9alis\u00e9s par le Minist\u00e8re<\/a> pour donner suite \u00e0 ces recommandations.<\/p>\n<p>Nous continuons \u00e9galement d\u2019\u00eatre un partenaire de la mise en \u0153uvre conjointe de certaines des recommandations de l\u2019EPA et de la <a href=\"http:\/\/indigenousfisheries.ca\/fr\/projects\/northern-fisheries\/\">mise en \u0153uvre de l\u2019Initiative des p\u00eaches commerciales int\u00e9gr\u00e9es du Nord<\/a>. Par exemple:<\/p>\n<ul>\n<li>Notre <a href=\"http:\/\/indigenousfisheries.ca\/fr\/projects\/training\/\">projet de la formation et la mise en valeur des comp\u00e9tences des Autochtones<\/a> \u00e9value les investissements que les programmes de P\u00eaches et Oc\u00e9ans Canada et de la Garde c\u00f4ti\u00e8re canadienne font dans la formation et le d\u00e9veloppement des comp\u00e9tences pour aider les communaut\u00e9s autochtones \u00e0 renforcer les capacit\u00e9s de leur main-d&#8217;\u0153uvre.<\/li>\n<li>Notre <a href=\"http:\/\/indigenousfisheries.ca\/fr\/projects\/salmon-restoration\/\">projet de Fonds de restauration et d\u2019innovation pour le saumon de la Colombie-Britannique<\/a> aidera le MPO \u00e0 maximiser ses collaborations internes et avec d\u2019autres minist\u00e8res et d\u2019autres entit\u00e9s f\u00e9d\u00e9rales, afin de renforcer les services et l\u2019expertise d\u2019un plus grand nombre de groupes autochtones de gestion des ressources aquatiques et des oc\u00e9ans<\/li>\n<\/ul>\n<p>Comme on peut le voir sur notre site Web <a href=\"http:\/\/www.indigenousoceans.ca\/\">oceansautochtones.ca<\/a>, l\u2019Institut a \u00e9valu\u00e9 les capacit\u00e9s et les besoins techniques des groupes et des collectivit\u00e9s autochtones en ce qui a trait \u00e0 la participation \u00e0 la planification spatiale marine. Ces travaux aident le Minist\u00e8re \u00e0 \u00e9laborer des programmes de planification et de conservation du milieu marin, qui associent les partenaires autochtones et r\u00e9pondent \u00e0 leurs besoins techniques.<\/p>\n","protected":false},"excerpt":{"rendered":"<p>Les points de vue des peuples, des collectivit\u00e9s, des entreprises et des organisations autochtones ont fa\u00e7onn\u00e9 les recommandations d\u00e9coulant de l\u2019Examen des programmes autochtones sur la fa\u00e7on dont le Minist\u00e8re doit am\u00e9liorer ses programmes et acc\u00e9l\u00e9rer le succ\u00e8s, gr\u00e2ce \u00e0 trois approches: prendre des mesures pratiques pour rendre l\u2019administration des programmes plus efficace attiser un [&hellip;]<\/p>\n","protected":false},"author":3,"featured_media":0,"parent":236,"menu_order":0,"comment_status":"closed","ping_status":"closed","template":"","meta":{"footnotes":""},"class_list":["post-1339","page","type-page","status-publish","hentry"],"_links":{"self":[{"href":"https:\/\/indigenousfisheries.ca\/fr\/wp-json\/wp\/v2\/pages\/1339","targetHints":{"allow":["GET"]}}],"collection":[{"href":"https:\/\/indigenousfisheries.ca\/fr\/wp-json\/wp\/v2\/pages"}],"about":[{"href":"https:\/\/indigenousfisheries.ca\/fr\/wp-json\/wp\/v2\/types\/page"}],"author":[{"embeddable":true,"href":"https:\/\/indigenousfisheries.ca\/fr\/wp-json\/wp\/v2\/users\/3"}],"replies":[{"embeddable":true,"href":"https:\/\/indigenousfisheries.ca\/fr\/wp-json\/wp\/v2\/comments?post=1339"}],"version-history":[{"count":15,"href":"https:\/\/indigenousfisheries.ca\/fr\/wp-json\/wp\/v2\/pages\/1339\/revisions"}],"predecessor-version":[{"id":1631,"href":"https:\/\/indigenousfisheries.ca\/fr\/wp-json\/wp\/v2\/pages\/1339\/revisions\/1631"}],"up":[{"embeddable":true,"href":"https:\/\/indigenousfisheries.ca\/fr\/wp-json\/wp\/v2\/pages\/236"}],"wp:attachment":[{"href":"https:\/\/indigenousfisheries.ca\/fr\/wp-json\/wp\/v2\/media?parent=1339"}],"curies":[{"name":"wp","href":"https:\/\/api.w.org\/{rel}","templated":true}]}}