{"id":155,"date":"2017-09-12T09:19:37","date_gmt":"2017-09-12T13:19:37","guid":{"rendered":"http:\/\/jeremy-brown.net\/indigenousfisheries\/?page_id=155"},"modified":"2019-12-17T10:03:59","modified_gmt":"2019-12-17T15:03:59","slug":"programs-reviewed","status":"publish","type":"page","link":"https:\/\/indigenousfisheries.ca\/fr\/programs-reviewed\/","title":{"rendered":"Programmes examin\u00e9s"},"content":{"rendered":"<p>\u00a0<\/p>\n<p><img loading=\"lazy\" decoding=\"async\" class=\"aligncenter size-full wp-image-846\" src=\"http:\/\/indigenousfisheries.ca\/fr\/wp-content\/uploads\/2017\/09\/Screen-Shot-2018-05-11-at-9.38.56-AM.png\" alt=\"\" width=\"1166\" height=\"508\" srcset=\"https:\/\/indigenousfisheries.ca\/fr\/wp-content\/uploads\/2017\/09\/Screen-Shot-2018-05-11-at-9.38.56-AM.png 1166w, https:\/\/indigenousfisheries.ca\/fr\/wp-content\/uploads\/2017\/09\/Screen-Shot-2018-05-11-at-9.38.56-AM-300x131.png 300w, https:\/\/indigenousfisheries.ca\/fr\/wp-content\/uploads\/2017\/09\/Screen-Shot-2018-05-11-at-9.38.56-AM-768x335.png 768w, https:\/\/indigenousfisheries.ca\/fr\/wp-content\/uploads\/2017\/09\/Screen-Shot-2018-05-11-at-9.38.56-AM-1024x446.png 1024w\" sizes=\"auto, (max-width: 1166px) 100vw, 1166px\" \/><\/p>\n<p><a name=\"afs\"><\/a><br \/><strong><span class=\"heading-red\">Strat\u00e9gie relative aux p\u00eaches autochtones<\/span><\/strong><\/p>\n<p>Ce programme est un cadre pour la p\u00eache autochtone \u00e0 des fins alimentaires, sociales et rituelles<em>.<\/em> Il comporte plusieurs composantes techniques visant \u00e0 aider les collectivit\u00e9s autochtones \u00e0 d\u00e9velopper leurs capacit\u00e9s \u00e0 participer \u00e0 la gestion des p\u00eaches. Cela comprend la capacit\u00e9 d\u2019entreprendre des \u00e9valuations scientifiques des stocks et des activit\u00e9s de gestion des p\u00eaches sur le terrain, de surveiller les prises et les activit\u00e9s de p\u00eache, et de faire appliquer les r\u00e8gles en place pour la p\u00eache \u00e0 des fins alimentaires, sociales et rituelles<em>.<\/em><\/p>\n<p>Environ 125\u00a0ententes ont \u00e9t\u00e9 sign\u00e9es chaque ann\u00e9e depuis les d\u00e9buts en\u00a01992 de la mise en \u0153uvre de la Strat\u00e9gie relative aux p\u00eaches autochtones. Plus des deux tiers d\u2019entre elles sont conclus avec des groupes autochtones de la r\u00e9gion du Pacifique de P\u00eaches et Oc\u00e9ans Canada, tandis que les autres sont conclues avec des groupes autochtones du Canada atlantique et du Qu\u00e9bec. Quelque 162\u00a0Premi\u00e8res Nations re\u00e7oivent des fonds en vertu des 85\u00a0ententes conclues dans la r\u00e9gion du Pacifique.<\/p>\n<p><a href=\"https:\/\/www.dfo-mpo.gc.ca\/fisheries-peches\/aboriginal-autochtones\/afs-srapa-fra.html\" target=\"_blank\" rel=\"noopener noreferrer\"><strong>Lien externe vers de plus amples renseignements sur le programme<\/strong><\/a><br \/><a name=\"afgp\"><\/a><br \/><strong><span class=\"heading-red\">Programme des gardes-p\u00eache autochtones<\/span><\/strong><\/p>\n<p>Ce programme est une composante de la Strat\u00e9gie relative aux p\u00eaches autochtones. Il a \u00e9t\u00e9 mis en place pour aider les collectivit\u00e9s autochtones \u00e0 d\u00e9velopper leur capacit\u00e9 \u00e0 mener des \u00e9valuations scientifiques des stocks et des activit\u00e9s de gestion de l\u2019habitat, \u00e0 surveiller les prises et les activit\u00e9s de p\u00eache, \u00e0 recueillir des donn\u00e9es sur les p\u00eaches et l\u2019habitat, et \u00e0 faire appliquer les r\u00e8gles \u00e9tablies pour les p\u00eaches \u00e0 des fins alimentaires, sociales et rituelles.<\/p>\n<p><img loading=\"lazy\" decoding=\"async\" class=\"aligncenter size-full wp-image-847\" src=\"http:\/\/indigenousfisheries.ca\/fr\/wp-content\/uploads\/2017\/09\/Screen-Shot-2018-05-11-at-9.39.12-AM.png\" alt=\"\" width=\"1169\" height=\"275\" srcset=\"https:\/\/indigenousfisheries.ca\/fr\/wp-content\/uploads\/2017\/09\/Screen-Shot-2018-05-11-at-9.39.12-AM.png 1169w, https:\/\/indigenousfisheries.ca\/fr\/wp-content\/uploads\/2017\/09\/Screen-Shot-2018-05-11-at-9.39.12-AM-300x71.png 300w, https:\/\/indigenousfisheries.ca\/fr\/wp-content\/uploads\/2017\/09\/Screen-Shot-2018-05-11-at-9.39.12-AM-768x181.png 768w, https:\/\/indigenousfisheries.ca\/fr\/wp-content\/uploads\/2017\/09\/Screen-Shot-2018-05-11-at-9.39.12-AM-1024x241.png 1024w\" sizes=\"auto, (max-width: 1169px) 100vw, 1169px\" \/><br \/><a name=\"ocean\"><\/a><br \/><strong><span class=\"heading-red\">Programme autochtone de gestion des ressources aquatiques et oc\u00e9aniques<\/span><\/strong><\/p>\n<p>Lanc\u00e9 en 2004, le programme aide les collectivit\u00e9s autochtones \u00e0 former des organismes de gestion des ressources aquatiques et de gestion des oc\u00e9ans, regroup\u00e9s par rapport \u00e0 un \u00e9cosyst\u00e8me ou un bassin hydrographique, et qui sont appuy\u00e9s par du personnel comp\u00e9tent, notamment des gestionnaires des p\u00eaches, des biologistes et des technologues. Ces professionnels r\u00e9alisent des activit\u00e9s de recherche scientifique pour soutenir la gestion \u00e9cosyst\u00e9mique. Ils participent \u00e9galement aux processus de consultation et de prise de d\u00e9cisions relatifs \u00e0 la gestion des ressources aquatiques et oc\u00e9aniques.<\/p>\n<p>Le programme encourage la coop\u00e9ration de fa\u00e7on plus \u00e9tendue entre les collectivit\u00e9s. Le programme chapeaute actuellement 35 organismes de gestion des ressources aquatiques et de gestion des oc\u00e9ans qui repr\u00e9sentent 258 collectivit\u00e9s autochtones. Certaines collectivit\u00e9s appartiennent \u00e0 plus d\u2019un groupe.<\/p>\n<p><a style=\"font-size: inherit;\" href=\"https:\/\/www.dfo-mpo.gc.ca\/fisheries-peches\/aboriginal-autochtones\/aarom-pagrao\/index-fra.html\" target=\"_blank\" rel=\"noopener noreferrer\"><strong>Lien externe vers de plus amples renseignements sur le programme<\/strong><\/a><\/p>\n<p><a name=\"aicfi\"><\/a><br \/><strong><span class=\"heading-red\">Initiative des p\u00eaches commerciales int\u00e9gr\u00e9es de l\u2019Atlantique<\/span><\/strong><\/p>\n<p>Le programme fournit aux Premi\u00e8res Nations Mi\u2019kmaq et Mal\u00e9cite du Nouveau-Brunswick, de l\u2019\u00cele-du-Prince-\u00c9douard, de la Nouvelle-\u00c9cosse et de la r\u00e9gion gasp\u00e9sienne au Qu\u00e9bec les moyens de cr\u00e9er et d\u2019exploiter des entreprises de p\u00eache commerciale florissantes, ainsi que de participer plus efficacement \u00e0 la cogestion des p\u00eaches.<\/p>\n<p>Trente-quatre des 35 Premi\u00e8res Nations admissibles participent au programme. Leurs entreprises de p\u00eache commerciale prosp\u00e8rent, g\u00e9n\u00e9rant 110 millions de dollars de recettes brutes chaque ann\u00e9e et cr\u00e9ant 1 675 emplois locaux.<\/p>\n<p><a href=\"https:\/\/www.dfo-mpo.gc.ca\/fisheries-peches\/aboriginal-autochtones\/aicfi-ipcia\/index-fra.html\" target=\"_blank\" rel=\"noopener noreferrer\"><strong>Lien externe vers de plus amples renseignements sur le programme<\/strong><\/a><br \/><a name=\"picfi\"><\/a><br \/><strong><span class=\"heading-red\">Initiative des p\u00eaches commerciales int\u00e9gr\u00e9es du Pacifique<\/span><\/strong><\/p>\n<p>Ce programme appuie la participation des Premi\u00e8res Nations de la Colombie-Britannique dans la p\u00eache commerciale en les aidant \u00e0 d\u00e9velopper des entreprises de p\u00eaches durables et \u00e0 accro\u00eetre leur participation au processus d\u00e9cisionnel sur la gestion des p\u00eaches.<\/p>\n<p>Vingt-cinq entreprises de p\u00eache commerciale participent actuellement au programme, repr\u00e9sentant 97 des 202 Premi\u00e8res Nations de la Colombie-Britannique. Leurs entreprises de p\u00eache commerciale prosp\u00e8rent, g\u00e9n\u00e9rant 40,2 millions de dollars de recettes brutes chaque ann\u00e9e et cr\u00e9ant 1 100 emplois locaux.<\/p>\n<p><a style=\"font-size: inherit;\" href=\"https:\/\/www.dfo-mpo.gc.ca\/fisheries-peches\/aboriginal-autochtones\/picfi-ipcip-fra.html\" target=\"_blank\" rel=\"noopener noreferrer\"><strong>Lien externe vers de plus amples renseignements sur le programme<\/strong><\/a><\/p>\n<p><a name=\"nicfi\"><\/a><br \/><strong><span class=\"heading-red\">Initiative des p\u00eaches commerciales int\u00e9gr\u00e9es du Nord<\/span><\/strong><\/p>\n<p>Ce programme aide les groupes et les collectivit\u00e9s autochtones \u00e0 g\u00e9rer une entreprise de p\u00eache commerciale ou une exploitation aquacole, en mettant l&#8217;accent sur la planification du d\u00e9veloppement des affaires et la formation cibl\u00e9e. Le programme est ouvert aux collectivit\u00e9s qui ne sont pas admissibles aux programmes de l&#8217;Atlantique ou du Pacifique dans tous les secteurs o\u00f9 le MPO g\u00e8re la p\u00eache et l&#8217;aquaculture. Bien qu\u2019il profitera du succ\u00e8s des programmes de l\u2019Atlantique et du Pacifique, le programme du Nord, il est \u00e9labor\u00e9 pour r\u00e9pondre aux besoins et aux probl\u00e8mes particuliers de ses participants.<\/p>\n<p><a href=\"https:\/\/www.dfo-mpo.gc.ca\/fisheries-peches\/aboriginal-autochtones\/nicfi-ipcin\/index-fra.html\" target=\"_blank\" rel=\"noopener noreferrer\"><strong>Lien externe vers de plus amples renseignements sur le programme<\/strong><\/a><\/p>\n\n\n<p><\/p>\n","protected":false},"excerpt":{"rendered":"<p>\u00a0 Strat\u00e9gie relative aux p\u00eaches autochtones Ce programme est un cadre pour la p\u00eache autochtone \u00e0 des fins alimentaires, sociales et rituelles. Il comporte plusieurs composantes techniques visant \u00e0 aider les collectivit\u00e9s autochtones \u00e0 d\u00e9velopper leurs capacit\u00e9s \u00e0 participer \u00e0 la gestion des p\u00eaches. Cela comprend la capacit\u00e9 d\u2019entreprendre des \u00e9valuations scientifiques des stocks et [&hellip;]<\/p>\n","protected":false},"author":3,"featured_media":0,"parent":0,"menu_order":0,"comment_status":"closed","ping_status":"closed","template":"","meta":{"footnotes":""},"class_list":["post-155","page","type-page","status-publish","hentry"],"_links":{"self":[{"href":"https:\/\/indigenousfisheries.ca\/fr\/wp-json\/wp\/v2\/pages\/155","targetHints":{"allow":["GET"]}}],"collection":[{"href":"https:\/\/indigenousfisheries.ca\/fr\/wp-json\/wp\/v2\/pages"}],"about":[{"href":"https:\/\/indigenousfisheries.ca\/fr\/wp-json\/wp\/v2\/types\/page"}],"author":[{"embeddable":true,"href":"https:\/\/indigenousfisheries.ca\/fr\/wp-json\/wp\/v2\/users\/3"}],"replies":[{"embeddable":true,"href":"https:\/\/indigenousfisheries.ca\/fr\/wp-json\/wp\/v2\/comments?post=155"}],"version-history":[{"count":17,"href":"https:\/\/indigenousfisheries.ca\/fr\/wp-json\/wp\/v2\/pages\/155\/revisions"}],"predecessor-version":[{"id":1578,"href":"https:\/\/indigenousfisheries.ca\/fr\/wp-json\/wp\/v2\/pages\/155\/revisions\/1578"}],"wp:attachment":[{"href":"https:\/\/indigenousfisheries.ca\/fr\/wp-json\/wp\/v2\/media?parent=155"}],"curies":[{"name":"wp","href":"https:\/\/api.w.org\/{rel}","templated":true}]}}