{"id":1622,"date":"2020-04-27T18:28:30","date_gmt":"2020-04-27T22:28:30","guid":{"rendered":"http:\/\/indigenousfisheries.ca\/fr\/?page_id=1622"},"modified":"2020-04-27T18:34:22","modified_gmt":"2020-04-27T22:34:22","slug":"message-de-linstitut-concernant-la-covid-19","status":"publish","type":"page","link":"https:\/\/indigenousfisheries.ca\/fr\/message-de-linstitut-concernant-la-covid-19\/","title":{"rendered":"Message de l\u2019Institut concernant la COVID-19"},"content":{"rendered":"\n<p>La propagation de la COVID-19 a exig\u00e9 la prise de mesures extraordinaires pour prot\u00e9ger nos communaut\u00e9s, nos a\u00een\u00e9s, nos familles et nous-m\u00eames. En ces temps difficiles, nous devons tous nous concentrer sur notre s\u00e9curit\u00e9, notre sant\u00e9 et notre bien-\u00eatre.<\/p>\n\n\n\n<p>La r\u00e9ponse vigoureuse et n\u00e9cessaire de la sant\u00e9 publique \u00e0 cette pand\u00e9mie a suscit\u00e9 passablement d\u2019incertitude. Les saisons de p\u00eache, les projets techniques et l\u2019activit\u00e9 \u00e9conomique sont fortement perturb\u00e9s dans toutes les r\u00e9gions. Les activit\u00e9s de l\u2019Institut ont \u00e9galement \u00e9t\u00e9 touch\u00e9es.<\/p>\n\n\n\n<p>Le 20 mars, nous avons ferm\u00e9 notre si\u00e8ge social situ\u00e9 \u00e0 Membertou, en Nouvelle-\u00c9cosse, en r\u00e9ponse \u00e0 un \u00e9tat d\u2019urgence d\u00e9clar\u00e9 localement. Notre personnel a agi rapidement pour r\u00e9tablir toutes les fonctions de l\u2019Institut en travaillant en s\u00e9curit\u00e9 \u00e0 la maison, et ce, afin d\u2019assurer la continuit\u00e9 des activit\u00e9s quotidiennes. Notre conseil d\u2019administration recevra des mises \u00e0 jour sur l\u2019\u00e9tat d\u2019avancement de nos projets, et nous compterons sur son leadership pendant cette p\u00e9riode difficile. Toute l\u2019\u00e9quipe de l\u2019Institut continue de travailler avec diligence sur les programmes, les initiatives et les dossiers auxquels vous accordez beaucoup d\u2019importance.<\/p>\n\n\n\n<p>Dans la mesure du possible, nous tirerons parti de la technologie pour poursuivre les conversations importantes sur la recherche, la conservation, l\u2019expansion des entreprises et les possibilit\u00e9s qui se pr\u00e9sentent pour les p\u00eaches autochtones. Autrement, nous sommes au t\u00e9l\u00e9phone; nous nous effor\u00e7ons de garder le contact et d\u2019apporter notre aide chaque fois que nous le pouvons.<\/p>\n\n\n\n<p>En ces temps difficiles, l\u2019Institut national des p\u00eaches autochtones continue de travailler avec les communaut\u00e9s autochtones, les EPC, ses partenaires et les diff\u00e9rents ordres de gouvernement. Si vous souhaitez communiquer avec l\u2019Institut, veuillez envoyer un courriel \u00e0 notre administrateur \u00e0 <a href=\"mailto:admin@indigenousfisheries.ca\">admin@indigenousfisheries.ca<\/a> et ce dernier vous dirigera vers la personne-ressource appropri\u00e9e.<\/p>\n\n\n\n<p>Lorsque la vie reviendra \u00e0 la normale \u2013 et ce jour arrivera \u2013 il y aura beaucoup de travail \u00e0 faire.<\/p>\n\n\n\n<p>Nous serons l\u00e0 pour vous aider.<\/p>\n\n\n\n<p>Restez en s\u00e9curit\u00e9, restez en bonne sant\u00e9, restez forts.<\/p>\n\n\n\n<div style=\"height:24px\" aria-hidden=\"true\" class=\"wp-block-spacer\"><\/div>\n\n\n\n<figure class=\"wp-block-image size-large is-resized\"><img decoding=\"async\" src=\"http:\/\/indigenousfisheries.ca\/fr\/wp-content\/uploads\/2020\/04\/Sig-John-G.jpg\" alt=\"\" class=\"wp-image-1623\" width=\"190\"\/><\/figure>\n\n\n\n<p>John G. Paul, Pr\u00e9sident<br>\nau nom du Conseil d\u2019administration<\/p>\n","protected":false},"excerpt":{"rendered":"<p>La propagation de la COVID-19 a exig\u00e9 la prise de mesures extraordinaires pour prot\u00e9ger nos communaut\u00e9s, nos a\u00een\u00e9s, nos familles et nous-m\u00eames. En ces temps difficiles, nous devons tous nous concentrer sur notre s\u00e9curit\u00e9, notre sant\u00e9 et notre bien-\u00eatre. La r\u00e9ponse vigoureuse et n\u00e9cessaire de la sant\u00e9 publique \u00e0 cette pand\u00e9mie a suscit\u00e9 passablement d\u2019incertitude. [&hellip;]<\/p>\n","protected":false},"author":3,"featured_media":0,"parent":0,"menu_order":0,"comment_status":"closed","ping_status":"closed","template":"","meta":{"footnotes":""},"class_list":["post-1622","page","type-page","status-publish","hentry"],"_links":{"self":[{"href":"https:\/\/indigenousfisheries.ca\/fr\/wp-json\/wp\/v2\/pages\/1622","targetHints":{"allow":["GET"]}}],"collection":[{"href":"https:\/\/indigenousfisheries.ca\/fr\/wp-json\/wp\/v2\/pages"}],"about":[{"href":"https:\/\/indigenousfisheries.ca\/fr\/wp-json\/wp\/v2\/types\/page"}],"author":[{"embeddable":true,"href":"https:\/\/indigenousfisheries.ca\/fr\/wp-json\/wp\/v2\/users\/3"}],"replies":[{"embeddable":true,"href":"https:\/\/indigenousfisheries.ca\/fr\/wp-json\/wp\/v2\/comments?post=1622"}],"version-history":[{"count":3,"href":"https:\/\/indigenousfisheries.ca\/fr\/wp-json\/wp\/v2\/pages\/1622\/revisions"}],"predecessor-version":[{"id":1626,"href":"https:\/\/indigenousfisheries.ca\/fr\/wp-json\/wp\/v2\/pages\/1622\/revisions\/1626"}],"wp:attachment":[{"href":"https:\/\/indigenousfisheries.ca\/fr\/wp-json\/wp\/v2\/media?parent=1622"}],"curies":[{"name":"wp","href":"https:\/\/api.w.org\/{rel}","templated":true}]}}