{"id":1741,"date":"2020-10-30T15:43:11","date_gmt":"2020-10-30T19:43:11","guid":{"rendered":"http:\/\/indigenousfisheries.ca\/fr\/?page_id=1741"},"modified":"2021-03-31T18:33:13","modified_gmt":"2021-03-31T22:33:13","slug":"dialogue-sur-la-politique-dapprovisionnement-aupres-des-entreprises-autochtones","status":"publish","type":"page","link":"https:\/\/indigenousfisheries.ca\/fr\/projects\/dialogue-sur-la-politique-dapprovisionnement-aupres-des-entreprises-autochtones\/","title":{"rendered":"Dialogue sur la politique d\u2019approvisionnement aupr\u00e8s des entreprises autochtones"},"content":{"rendered":"\n<div class=\"wp-block-image jImageClear\"><figure class=\"alignright size-large is-resized\"><img loading=\"lazy\" decoding=\"async\" src=\"http:\/\/indigenousfisheries.ca\/fr\/wp-content\/uploads\/2020\/10\/Institut_Dialogue-sur-la-politique-dapprovisionnement-smaller-791x1024.jpg\" alt=\"\" class=\"wp-image-1744\" width=\"396\" height=\"512\" srcset=\"https:\/\/indigenousfisheries.ca\/fr\/wp-content\/uploads\/2020\/10\/Institut_Dialogue-sur-la-politique-dapprovisionnement-smaller-791x1024.jpg 791w, https:\/\/indigenousfisheries.ca\/fr\/wp-content\/uploads\/2020\/10\/Institut_Dialogue-sur-la-politique-dapprovisionnement-smaller-232x300.jpg 232w, https:\/\/indigenousfisheries.ca\/fr\/wp-content\/uploads\/2020\/10\/Institut_Dialogue-sur-la-politique-dapprovisionnement-smaller-768x994.jpg 768w, https:\/\/indigenousfisheries.ca\/fr\/wp-content\/uploads\/2020\/10\/Institut_Dialogue-sur-la-politique-dapprovisionnement-smaller-1187x1536.jpg 1187w, https:\/\/indigenousfisheries.ca\/fr\/wp-content\/uploads\/2020\/10\/Institut_Dialogue-sur-la-politique-dapprovisionnement-smaller.jpg 1275w\" sizes=\"auto, (max-width: 396px) 100vw, 396px\" \/><\/figure><\/div>\n\n\n\n<p>En collaboration avec P\u00eaches et Oc\u00e9ans Canada et la Garde c\u00f4ti\u00e8re canadienne, l\u2019Institut a organis\u00e9 un atelier virtuel sur les occasions d\u2019approvisionnement aupr\u00e8s des entreprises autochtone, et sur ses enjeux, dans le portefeuille du MPO\/GCC.<\/p>\n\n\n\n<p>L\u2019atelier s&#8217;est d\u00e9roul\u00e9 en quatre sessions ax\u00e9es sur des sujets particuliers associ\u00e9s \u00e0 l\u2019approvisionnement et mettra \u00e0 contribution divers experts, repr\u00e9sentants gouvernementaux et gestionnaires et entrepreneurs autochtones.<\/p>\n\n\n\n<p>En cons\u00e9quence, nous avons acquis une meilleure compr\u00e9hension de:<\/p>\n\n\n\n<ul class=\"wp-block-list\"><li>la situation actuelle de l\u2019approvisionnement du MPO\/GCC aupr\u00e8s des entreprises appartenant \u00e0 des Autochtones et exploit\u00e9es par ceux ci<\/li><li>les occasions actuelles et futures d\u2019approvisionnement aupr\u00e8s d\u2019entreprises autochtones au MPO\/GCC<\/li><li>la capacit\u00e9, l\u2019expertise et les lacunes des Autochtones en ce qui concerne le processus de march\u00e9 et l\u2019ex\u00e9cution r\u00e9ussie des contrats<\/li><li>les contraintes et les possibilit\u00e9s administratives et\/ou politiques, bas\u00e9es sur les le\u00e7ons retenues et les meilleurs exemples<\/li><\/ul>\n\n\n\n<p>Les r\u00e9sultats de nos sessions d&#8217;ateliers sont pr\u00e9sent\u00e9s ci-dessous. Un rapport final sur le projet est maintenant disponible.<\/p>\n\n\n\n<h4 style=\"font-weight:bold;color:#881719;\">Rapport final<\/h4>\n\n\n\n<div class=\"wp-block-columns is-layout-flex wp-container-core-columns-is-layout-1 wp-block-columns-is-layout-flex\">\n<div class=\"wp-block-column is-layout-flow wp-block-column-is-layout-flow\"><\/div>\n\n\n\n<div class=\"wp-block-column is-layout-flow wp-block-column-is-layout-flow\">\n<figure class=\"wp-block-image size-medium is-resized\"><a href=\"http:\/\/indigenousfisheries.ca\/fr\/wp-content\/uploads\/2021\/03\/Institut-MPO-GCC_Dialogue-sur-la-politique-dapprovisionnement-aupres-des-entreprises-autochtones_Rapport-final.pdf\" target=\"_blank\" rel=\"noopener\"><img loading=\"lazy\" decoding=\"async\" src=\"https:\/\/indigenousfisheries.ca\/fr\/wp-content\/uploads\/2021\/03\/pro_rapport_final-1-231x300.png\" alt=\"\" class=\"wp-image-1894\" width=\"173\" height=\"225\" srcset=\"https:\/\/indigenousfisheries.ca\/fr\/wp-content\/uploads\/2021\/03\/pro_rapport_final-1-231x300.png 231w, https:\/\/indigenousfisheries.ca\/fr\/wp-content\/uploads\/2021\/03\/pro_rapport_final-1.png 313w\" sizes=\"auto, (max-width: 173px) 100vw, 173px\" \/><\/a><\/figure>\n<\/div>\n\n\n\n<div class=\"wp-block-column is-layout-flow wp-block-column-is-layout-flow\"><\/div>\n<\/div>\n\n\n\n<h4 style=\"font-weight:bold;color:#881719;\">Documents de s\u00e9ances d\u2019atelier<\/h4>\n\n\n\n<h6>2 d\u00e9cembre : Occasions actuelles et futures<\/h6>\n\n\n\n<ul class=\"wp-block-list\"><li><a rel=\"noreferrer noopener\" href=\"http:\/\/indigenousfisheries.ca\/fr\/wp-content\/uploads\/2021\/01\/Ordre-du-jour_2-decembre_Possibilites-actuelles-et-futures-politiques.pdf\" target=\"_blank\">Ordre du jour<\/a><\/li><li>Pr\u00e9sentations<ul><li><a rel=\"noreferrer noopener\" href=\"http:\/\/indigenousfisheries.ca\/fr\/wp-content\/uploads\/2021\/01\/Institut_Dialogue-sur-la-politique-dapprovisionnement_Possibilites-actuelles.pdf\" target=\"_blank\">Possibilit\u00e9s actuelles et futures<\/a> (Institut)<\/li><\/ul><\/li><li><a href=\"http:\/\/indigenousfisheries.ca\/fr\/wp-content\/uploads\/2021\/03\/Dialogue_1_2-decembre.jpg\" target=\"_blank\" rel=\"noreferrer noopener\">Illustration graphique<\/a><\/li><li><a href=\"http:\/\/indigenousfisheries.ca\/fr\/wp-content\/uploads\/2021\/03\/Dialogue_2-decembre.jpg\" target=\"_blank\" rel=\"noreferrer noopener\">Illustration graphique<\/a><\/li><\/ul>\n\n\n\n<h6>7 d\u00e9cembre : Capacit\u00e9, expertise et lacunes<\/h6>\n\n\n\n<ul class=\"wp-block-list\"><li><a rel=\"noreferrer noopener\" href=\"http:\/\/indigenousfisheries.ca\/fr\/wp-content\/uploads\/2021\/01\/Ordre-du-jour_7-decembre_Capacites-expertises-et-lacunes-autochtones.pdf\" target=\"_blank\">Ordre du jour<\/a><\/li><li>Pr\u00e9sentations<ul><li><a rel=\"noreferrer noopener\" href=\"http:\/\/indigenousfisheries.ca\/fr\/wp-content\/uploads\/2021\/01\/Institut_Dialogue-sur-la-politique-dapprovisionnement_Capacite-expertise-et-lac.pdf\" target=\"_blank\">Capacit\u00e9, expertise et lacunes<\/a> (Institut)<\/li><\/ul><\/li><li><a href=\"http:\/\/indigenousfisheries.ca\/fr\/wp-content\/uploads\/2021\/03\/Coentreprises--scaled.jpg\" target=\"_blank\" rel=\"noreferrer noopener\">Illustration graphique<\/a><\/li><\/ul>\n\n\n\n<h6>9 d\u00e9cembre : Contraintes et possibilit\u00e9s administratives et politiques<\/h6>\n\n\n\n<ul class=\"wp-block-list\"><li><a rel=\"noreferrer noopener\" href=\"http:\/\/indigenousfisheries.ca\/fr\/wp-content\/uploads\/2021\/01\/Ordre-du-jour_9-decembre_Contraintes-et-possibilites-administratives-et-politiq.pdf\" target=\"_blank\">Ordre du jour<\/a><\/li><li>Pr\u00e9sentations<ul><li><a href=\"http:\/\/indigenousfisheries.ca\/fr\/wp-content\/uploads\/2021\/01\/Demystifier-les-marches-publics_9-decembre.pdf\" target=\"_blank\" rel=\"noreferrer noopener\">D\u00e9mystifier les marches publics<\/a> (BPME)<\/li><li><a rel=\"noreferrer noopener\" href=\"http:\/\/indigenousfisheries.ca\/fr\/wp-content\/uploads\/2021\/01\/Approvisionnement-de-la-MPO-GCC.pdf\" target=\"_blank\">Approvisionnement de la MPO-GCC<\/a><\/li><li><a rel=\"noreferrer noopener\" href=\"http:\/\/indigenousfisheries.ca\/fr\/wp-content\/uploads\/2021\/01\/Institut_Dialogue-sur-la-politique-dapprovisionnement_Contraintes-et-possibilite.pdf\" target=\"_blank\">Contraintes et possibilit\u00e9s administratives et politiques<\/a> (Institut)<\/li><\/ul><\/li><\/ul>\n\n\n\n<h6>14 d\u00e9cembre : Vers une capacit\u00e9 d\u2019approvisionnement<\/h6>\n\n\n\n<ul class=\"wp-block-list\"><li><a rel=\"noreferrer noopener\" href=\"http:\/\/indigenousfisheries.ca\/fr\/wp-content\/uploads\/2021\/01\/Ordre-du-jour_14-decembre_Voie-des-capacites-en-matiere-dapprovisionnement.pdf\" target=\"_blank\">Ordre du jour<\/a><\/li><li>Pr\u00e9sentations<ul><li><a rel=\"noreferrer noopener\" href=\"http:\/\/indigenousfisheries.ca\/fr\/wp-content\/uploads\/2021\/01\/Institut_Dialogue-sur-la-politique-dapprovisionnement_Vers-une-capacite-dapprov.pdf\" target=\"_blank\">Vers une capacit\u00e9 d\u2019approvisionnement et progression des projets pilotes<\/a> (Institut)<\/li><\/ul><\/li><li>Exercices de tableau blanc<ul><li><a href=\"http:\/\/indigenousfisheries.ca\/fr\/wp-content\/uploads\/2021\/03\/Outil-vers-une-capacite-dapprovisionnement-scaled.jpg\" target=\"_blank\" rel=\"noreferrer noopener\">Outil vers une capacite d&#8217;approvisionnement<\/a><\/li><li><a href=\"http:\/\/indigenousfisheries.ca\/fr\/wp-content\/uploads\/2021\/03\/Promouvoir-les-projects-pilotes-et-les-occasions-scaled.jpg\" target=\"_blank\" rel=\"noreferrer noopener\">Promouvoir les projects pilot\u00e8s et les occasions<\/a><\/li><\/ul><\/li><\/ul>\n\n\n\n<div class=\"wp-block-image\"><figure class=\"aligncenter size-large\"><img loading=\"lazy\" decoding=\"async\" width=\"960\" height=\"540\" src=\"http:\/\/indigenousfisheries.ca\/fr\/wp-content\/uploads\/2020\/12\/procurement-workshops-fr.jpg\" alt=\"\" class=\"wp-image-1821\" srcset=\"https:\/\/indigenousfisheries.ca\/fr\/wp-content\/uploads\/2020\/12\/procurement-workshops-fr.jpg 960w, https:\/\/indigenousfisheries.ca\/fr\/wp-content\/uploads\/2020\/12\/procurement-workshops-fr-300x169.jpg 300w, https:\/\/indigenousfisheries.ca\/fr\/wp-content\/uploads\/2020\/12\/procurement-workshops-fr-768x432.jpg 768w\" sizes=\"auto, (max-width: 960px) 100vw, 960px\" \/><\/figure><\/div>\n","protected":false},"excerpt":{"rendered":"<p>En collaboration avec P\u00eaches et Oc\u00e9ans Canada et la Garde c\u00f4ti\u00e8re canadienne, l\u2019Institut a organis\u00e9 un atelier virtuel sur les occasions d\u2019approvisionnement aupr\u00e8s des entreprises autochtone, et sur ses enjeux, dans le portefeuille du MPO\/GCC. L\u2019atelier s&#8217;est d\u00e9roul\u00e9 en quatre sessions ax\u00e9es sur des sujets particuliers associ\u00e9s \u00e0 l\u2019approvisionnement et mettra \u00e0 contribution divers experts, [&hellip;]<\/p>\n","protected":false},"author":3,"featured_media":0,"parent":1280,"menu_order":0,"comment_status":"closed","ping_status":"closed","template":"","meta":{"footnotes":""},"class_list":["post-1741","page","type-page","status-publish","hentry"],"_links":{"self":[{"href":"https:\/\/indigenousfisheries.ca\/fr\/wp-json\/wp\/v2\/pages\/1741","targetHints":{"allow":["GET"]}}],"collection":[{"href":"https:\/\/indigenousfisheries.ca\/fr\/wp-json\/wp\/v2\/pages"}],"about":[{"href":"https:\/\/indigenousfisheries.ca\/fr\/wp-json\/wp\/v2\/types\/page"}],"author":[{"embeddable":true,"href":"https:\/\/indigenousfisheries.ca\/fr\/wp-json\/wp\/v2\/users\/3"}],"replies":[{"embeddable":true,"href":"https:\/\/indigenousfisheries.ca\/fr\/wp-json\/wp\/v2\/comments?post=1741"}],"version-history":[{"count":102,"href":"https:\/\/indigenousfisheries.ca\/fr\/wp-json\/wp\/v2\/pages\/1741\/revisions"}],"predecessor-version":[{"id":1938,"href":"https:\/\/indigenousfisheries.ca\/fr\/wp-json\/wp\/v2\/pages\/1741\/revisions\/1938"}],"up":[{"embeddable":true,"href":"https:\/\/indigenousfisheries.ca\/fr\/wp-json\/wp\/v2\/pages\/1280"}],"wp:attachment":[{"href":"https:\/\/indigenousfisheries.ca\/fr\/wp-json\/wp\/v2\/media?parent=1741"}],"curies":[{"name":"wp","href":"https:\/\/api.w.org\/{rel}","templated":true}]}}