{"id":236,"date":"2017-09-29T15:34:02","date_gmt":"2017-09-29T19:34:02","guid":{"rendered":"http:\/\/dev.indigenousfisheries.ca\/?page_id=236"},"modified":"2019-12-17T09:48:23","modified_gmt":"2019-12-17T14:48:23","slug":"indigenous-program-review","status":"publish","type":"page","link":"https:\/\/indigenousfisheries.ca\/fr\/indigenous-program-review\/","title":{"rendered":"Examen des programmes en bref"},"content":{"rendered":"<p>Entre mai\u00a02017 et mai\u00a02019, l\u2019Institut a examin\u00e9 les programmes de P\u00eaches et Oc\u00e9ans Canada qui appuient la participation des Autochtones aux activit\u00e9s de p\u00eache commerciale et d\u2019aquaculture et \u00e0 la gestion concert\u00e9e des p\u00eaches, des ressources aquatiques, des oc\u00e9ans et de l\u2019habitat.<\/p>\n<p>Cinq programmes ont \u00e9t\u00e9 examin\u00e9s:<\/p>\n<ul>\n<li><a href=\"http:\/\/indigenousfisheries.ca\/fr\/programs-reviewed\/#afs\">Le Programme sur la Strat\u00e9gie relative aux p\u00eaches autochtones<\/a><\/li>\n<li><a href=\"http:\/\/indigenousfisheries.ca\/fr\/programs-reviewed\/#afgp\">Le Programme des gardes-p\u00eache autochtones<\/a><\/li>\n<li><a href=\"http:\/\/indigenousfisheries.ca\/fr\/programs-reviewed\/#ocean\">Le Programme autochtone de gestion des ressources aquatiques et oc\u00e9aniques<\/a><\/li>\n<li><a href=\"http:\/\/indigenousfisheries.ca\/fr\/programs-reviewed\/#aicfi\">L\u2019Initiative des p\u00eaches commerciales int\u00e9gr\u00e9es de l\u2019Atlantique<\/a><\/li>\n<li><a href=\"http:\/\/indigenousfisheries.ca\/fr\/programs-reviewed\/#picfi\">L\u2019Initiative des p\u00eaches commerciales int\u00e9gr\u00e9es du Pacifique<\/a><\/li>\n<\/ul>\n<p>Nous avons \u00e9galement permis aux participants admissibles de contribuer \u00e0 l\u2019\u00e9laboration d\u2019une nouvelle <a href=\"http:\/\/indigenousfisheries.ca\/fr\/programs-reviewed\/#nicfi\">Initiative des p\u00eaches commerciales int\u00e9gr\u00e9es du Nord<\/a>.<\/p>\n<p><a href=\"http:\/\/indigenousfisheries.ca\/fr\/indigenous-program-review\/background\/\"><strong>En savoir plus sur l\u2019Examen des programmes<\/strong><\/a><\/p>\n","protected":false},"excerpt":{"rendered":"<p>Entre mai\u00a02017 et mai\u00a02019, l\u2019Institut a examin\u00e9 les programmes de P\u00eaches et Oc\u00e9ans Canada qui appuient la participation des Autochtones aux activit\u00e9s de p\u00eache commerciale et d\u2019aquaculture et \u00e0 la gestion concert\u00e9e des p\u00eaches, des ressources aquatiques, des oc\u00e9ans et de l\u2019habitat. Cinq programmes ont \u00e9t\u00e9 examin\u00e9s: Le Programme sur la Strat\u00e9gie relative aux p\u00eaches [&hellip;]<\/p>\n","protected":false},"author":3,"featured_media":0,"parent":0,"menu_order":0,"comment_status":"closed","ping_status":"closed","template":"","meta":{"footnotes":""},"class_list":["post-236","page","type-page","status-publish","hentry"],"_links":{"self":[{"href":"https:\/\/indigenousfisheries.ca\/fr\/wp-json\/wp\/v2\/pages\/236","targetHints":{"allow":["GET"]}}],"collection":[{"href":"https:\/\/indigenousfisheries.ca\/fr\/wp-json\/wp\/v2\/pages"}],"about":[{"href":"https:\/\/indigenousfisheries.ca\/fr\/wp-json\/wp\/v2\/types\/page"}],"author":[{"embeddable":true,"href":"https:\/\/indigenousfisheries.ca\/fr\/wp-json\/wp\/v2\/users\/3"}],"replies":[{"embeddable":true,"href":"https:\/\/indigenousfisheries.ca\/fr\/wp-json\/wp\/v2\/comments?post=236"}],"version-history":[{"count":18,"href":"https:\/\/indigenousfisheries.ca\/fr\/wp-json\/wp\/v2\/pages\/236\/revisions"}],"predecessor-version":[{"id":1569,"href":"https:\/\/indigenousfisheries.ca\/fr\/wp-json\/wp\/v2\/pages\/236\/revisions\/1569"}],"wp:attachment":[{"href":"https:\/\/indigenousfisheries.ca\/fr\/wp-json\/wp\/v2\/media?parent=236"}],"curies":[{"name":"wp","href":"https:\/\/api.w.org\/{rel}","templated":true}]}}