{"id":253,"date":"2017-10-02T14:44:55","date_gmt":"2017-10-02T18:44:55","guid":{"rendered":"http:\/\/dev.indigenousfisheries.ca\/?page_id=253"},"modified":"2019-12-17T10:30:40","modified_gmt":"2019-12-17T15:30:40","slug":"discussion-materials","status":"publish","type":"page","link":"https:\/\/indigenousfisheries.ca\/fr\/indigenous-program-review\/discussion-materials\/","title":{"rendered":"Documents de discussion de l\u2019Examen des programmes autochtones"},"content":{"rendered":"<p><span style=\"font-weight: 400;\">Les documents de discussion de l\u2019Examen des programmes autochtones demeureront accessibles pour les lecteurs et les chercheurs int\u00e9ress\u00e9s. <\/span><\/p>\n<p><strong><a href=\"http:\/\/indigenousfisheries.ca\/fr\/wp-content\/uploads\/2019\/12\/L%E2%80%99Institut-%E2%80%93-Guide-de-discussion-%E2%80%93-Examen-des-programmes-autochtones.pdf\" target=\"_blank\" rel=\"noopener noreferrer\">Guide de discussion<\/a>\u00a0<\/strong> <a name=\"guide\"><\/a><\/p>\n<ul>\n<li>Annexe A: <a href=\"http:\/\/indigenousfisheries.ca\/fr\/wp-content\/uploads\/2019\/12\/L\u2019Institut-\u2013-Document-de-travail-\u2013Guide-de-discussion-_-Annexe-A.pdf\" target=\"_blank\" rel=\"noopener noreferrer\">Historique des programmes autochtones de P\u00eaches et Oc\u00e9ans Canada<\/a><\/li>\n<li>Annexe B: <a href=\"http:\/\/indigenousfisheries.ca\/fr\/wp-content\/uploads\/2019\/12\/LInstitut\u2013Documentdetravail\u2013Bibliographie-des-documents-examines\u2013Annexe-B.pdf\" target=\"_blank\" rel=\"noopener noreferrer\">Bibliographie des documents examin\u00e9s<\/a><\/li>\n<\/ul>\n<p><strong>Documents de travail\u00a0\u00a0<\/strong><\/p>\n<ul>\n<li>Document de travail: <a href=\"http:\/\/indigenousfisheries.ca\/fr\/wp-content\/uploads\/2019\/12\/LInstitut\u2013Document-de-travail\u2013Programme-sur-la-Strategie-relative-aux-peches-autochtones-1.pdf\" target=\"_blank\" rel=\"noopener noreferrer\">Programme sur la Strat\u00e9gie relative aux p\u00eaches autochtones<\/a><\/li>\n<li>Document de travail: <a href=\"http:\/\/indigenousfisheries.ca\/fr\/wp-content\/uploads\/2019\/12\/Programme-des-gardes-peche-autochtones-.pdf\" target=\"_blank\" rel=\"noopener noreferrer\">Programme des gardes-p\u00eache autochtones<\/a><\/li>\n<li>Document de travail: <a href=\"http:\/\/indigenousfisheries.ca\/fr\/wp-content\/uploads\/2019\/12\/LInstitut\u2013Document-de-travail\u2013Programme-autochtone-de-gestion-des-ressources-aquatiques-et.pdf\" target=\"_blank\" rel=\"noopener noreferrer\">Programme autochtone de gestion des ressources aquatiques et oc\u00e9aniques<\/a><\/li>\n<li>Document de travail:<a href=\"http:\/\/indigenousfisheries.ca\/fr\/wp-content\/uploads\/2019\/12\/LInstitut\u2013Discussion-de-travail-Initiative-des-peches-commerciales-integrees-de-lAtlantiqu.pdf\" target=\"_blank\" rel=\"noopener noreferrer\"> Initiative des p\u00eaches commerciales int\u00e9gr\u00e9es de l\u2019Atlantique<\/a><\/li>\n<li>Document de travail: <a href=\"http:\/\/indigenousfisheries.ca\/fr\/wp-content\/uploads\/2019\/12\/LInstitut-Document-de-travail-Initiative-des-peches-commerciales-integrees-du-Pacifique.pdf\" target=\"_blank\" rel=\"noopener noreferrer\">Initiative des p\u00eaches commerciales int\u00e9gr\u00e9es du Pacifique<\/a><\/li>\n<li>Document de travail: <a href=\"http:\/\/indigenousfisheries.ca\/fr\/wp-content\/uploads\/2019\/12\/LInstitut\u2013Discussion-de-travail-Initiative-des-peches-commerciales-integrees-du-Nord.pdf\" target=\"_blank\" rel=\"noopener noreferrer\">Initiative des p\u00eaches commerciales int\u00e9gr\u00e9es du Nord<\/a><\/li>\n<li>Document de travail: <a href=\"http:\/\/indigenousfisheries.ca\/fr\/wp-content\/uploads\/2019\/12\/LInstitut-Discussion-de-document-Obtention-de-financement.pdf\" target=\"_blank\" rel=\"noopener noreferrer\">Obtention de financement<\/a><\/li>\n<\/ul>\n<p><img loading=\"lazy\" decoding=\"async\" class=\"aligncenter wp-image-660 size-full\" src=\"http:\/\/indigenousfisheries.ca\/fr\/wp-content\/uploads\/2018\/04\/Discussionmaterials.png\" alt=\"\" width=\"1169\" height=\"513\" srcset=\"https:\/\/indigenousfisheries.ca\/fr\/wp-content\/uploads\/2018\/04\/Discussionmaterials.png 1169w, https:\/\/indigenousfisheries.ca\/fr\/wp-content\/uploads\/2018\/04\/Discussionmaterials-300x132.png 300w, https:\/\/indigenousfisheries.ca\/fr\/wp-content\/uploads\/2018\/04\/Discussionmaterials-768x337.png 768w, https:\/\/indigenousfisheries.ca\/fr\/wp-content\/uploads\/2018\/04\/Discussionmaterials-1024x449.png 1024w\" sizes=\"auto, (max-width: 1169px) 100vw, 1169px\" \/><\/p>\n","protected":false},"excerpt":{"rendered":"<p>Les documents de discussion de l\u2019Examen des programmes autochtones demeureront accessibles pour les lecteurs et les chercheurs int\u00e9ress\u00e9s. Guide de discussion\u00a0 Annexe A: Historique des programmes autochtones de P\u00eaches et Oc\u00e9ans Canada Annexe B: Bibliographie des documents examin\u00e9s Documents de travail\u00a0\u00a0 Document de travail: Programme sur la Strat\u00e9gie relative aux p\u00eaches autochtones Document de travail: [&hellip;]<\/p>\n","protected":false},"author":3,"featured_media":0,"parent":236,"menu_order":0,"comment_status":"closed","ping_status":"closed","template":"","meta":{"footnotes":""},"class_list":["post-253","page","type-page","status-publish","hentry"],"_links":{"self":[{"href":"https:\/\/indigenousfisheries.ca\/fr\/wp-json\/wp\/v2\/pages\/253","targetHints":{"allow":["GET"]}}],"collection":[{"href":"https:\/\/indigenousfisheries.ca\/fr\/wp-json\/wp\/v2\/pages"}],"about":[{"href":"https:\/\/indigenousfisheries.ca\/fr\/wp-json\/wp\/v2\/types\/page"}],"author":[{"embeddable":true,"href":"https:\/\/indigenousfisheries.ca\/fr\/wp-json\/wp\/v2\/users\/3"}],"replies":[{"embeddable":true,"href":"https:\/\/indigenousfisheries.ca\/fr\/wp-json\/wp\/v2\/comments?post=253"}],"version-history":[{"count":21,"href":"https:\/\/indigenousfisheries.ca\/fr\/wp-json\/wp\/v2\/pages\/253\/revisions"}],"predecessor-version":[{"id":1586,"href":"https:\/\/indigenousfisheries.ca\/fr\/wp-json\/wp\/v2\/pages\/253\/revisions\/1586"}],"up":[{"embeddable":true,"href":"https:\/\/indigenousfisheries.ca\/fr\/wp-json\/wp\/v2\/pages\/236"}],"wp:attachment":[{"href":"https:\/\/indigenousfisheries.ca\/fr\/wp-json\/wp\/v2\/media?parent=253"}],"curies":[{"name":"wp","href":"https:\/\/api.w.org\/{rel}","templated":true}]}}