{"id":353,"date":"2017-10-05T10:37:54","date_gmt":"2017-10-05T14:37:54","guid":{"rendered":"http:\/\/dev.indigenousfisheries.ca\/?page_id=353"},"modified":"2019-12-17T10:45:40","modified_gmt":"2019-12-17T15:45:40","slug":"news","status":"publish","type":"page","link":"https:\/\/indigenousfisheries.ca\/fr\/news\/","title":{"rendered":"Nouvelles"},"content":{"rendered":"<p><strong><span class=\"heading-red\">Communiqu\u00e9s<\/span><\/strong><\/p>\n<p>6 septembre 2019\u00a0 \u00a0<a href=\"https:\/\/www.canada.ca\/fr\/peches-oceans\/nouvelles\/2019\/09\/peches-et-oceans-canada-et-la-garde-cotiere-canadienne-entreprennent-des-changements-transformateurs-pour-faire-progresser-la-reconciliation.html\">P\u00eaches et Oc\u00e9ans Canada et la Garde c\u00f4ti\u00e8re canadienne entreprennent des changements transformateurs pour faire progresser la r\u00e9conciliation<\/a><\/p>\n<p>5 septembre\u00a0 2019\u00a0 \u00a0<a href=\"https:\/\/www.canada.ca\/fr\/peches-oceans\/nouvelles\/2019\/09\/le-gouvernement-du-canada-et-la-province-de-la-colombie-britannique-annoncent-des-investissements-dans-des-projets-de-recherche-scientifique-et-des.html\">Le gouvernement du Canada et la Province de la Colombie-Britannique annoncent des investissements dans des projets de recherche scientifique et des projets de restauration de l\u2019habitat et de conservation du saumon sauvage dans toute la Colombie-Britannique<\/a><\/p>\n<ul>\n<li>L\u2019Institut national des p\u00eaches autochtones collaborera avec les collectivit\u00e9s autochtones pour d\u00e9terminer d\u2019\u00e9ventuelles initiatives \u00e0 grande \u00e9chelle regroupant diverses Premi\u00e8res Nations qui pourraient \u00eatre appuy\u00e9es par le Fonds. Ces efforts favoriseront \u00e9galement une participation accrue des Autochtones aux partenariats scientifiques, \u00e0 l\u2019innovation et aux investissements dans l\u2019infrastructure qui am\u00e9lioreront la productivit\u00e9, la durabilit\u00e9 et la s\u00e9curit\u00e9 dans l\u2019ensemble du secteur.<\/li>\n<\/ul>\n<p>21 juin 2019\u00a0 \u00a0<a href=\"https:\/\/www.canada.ca\/fr\/peches-oceans\/nouvelles\/2019\/06\/la-reconciliation-au-cur-du-travail-de-peches-et-oceans-canada-et-de-la-garde-cotiere-canadienne.html\">La r\u00e9conciliation au c\u0153ur du travail de P\u00eaches et Oc\u00e9ans Canada et de la Garde c\u00f4ti\u00e8re canadienne<\/a><\/p>\n<p>24 may 2019 \u00a0 <a href=\"https:\/\/www.canada.ca\/fr\/peches-oceans\/nouvelles\/2019\/05\/etablir-une-nouvelle-orientation-pour-la-collaboration-entre-les-autochtones-et-le-gouvernement-du-canada-grace-a-lelaboration-a-la-conception-et-a.html\" target=\"_blank\" rel=\"noopener noreferrer\">\u00c9tablir une nouvelle orientation pour la collaboration entre les Autochtones et le gouvernement du Canada gr\u00e2ce \u00e0 l\u2019\u00e9laboration, \u00e0 la conception, et \u00e0 la prestation conjointes de programmes de p\u00eache<\/a><\/p>\n<p><span style=\"font-weight: 400;\">22 mai 2019 \u00a0\u00a0<\/span><a href=\"http:\/\/indigenousfisheries.ca\/fr\/wp-content\/uploads\/2019\/12\/C_Deuxi%C3%A8me-rapport-phase-deux_22-mai.pdf\" target=\"_blank\" rel=\"noopener noreferrer\"><span style=\"font-weight: 400;\">Concilier la gestion des ressources en tenant compte des droits des Autochtones dans les programmes, pratiques et politiques de P\u00eaches et Oc\u00e9ans Canada<\/span><\/a><\/p>\n<p>22 mai 2018 \u00a0\u00a0<a href=\"http:\/\/indigenousfisheries.ca\/fr\/wp-content\/uploads\/2019\/12\/NR_Final-Report-Phase-One_May-22_FR.pdf\" target=\"_blank\" rel=\"noopener noreferrer\">Attiser une culture du changement comme mission gouvernementale<\/a><\/p>\n<p>4 octobre 2017 \u00a0 <a href=\"http:\/\/www.newswire.ca\/fr\/news-releases\/elaboration-conception-et-prestation-conjointes-des-programmes-de-peches-autochtones-649470943.html\" target=\"_blank\" rel=\"noopener noreferrer\">\u00c9laboration, conception et prestation conjointes des programme des p\u00eaches autochtones<\/a><\/p>\n","protected":false},"excerpt":{"rendered":"<p>Communiqu\u00e9s 6 septembre 2019\u00a0 \u00a0P\u00eaches et Oc\u00e9ans Canada et la Garde c\u00f4ti\u00e8re canadienne entreprennent des changements transformateurs pour faire progresser la r\u00e9conciliation 5 septembre\u00a0 2019\u00a0 \u00a0Le gouvernement du Canada et la Province de la Colombie-Britannique annoncent des investissements dans des projets de recherche scientifique et des projets de restauration de l\u2019habitat et de conservation du [&hellip;]<\/p>\n","protected":false},"author":3,"featured_media":0,"parent":0,"menu_order":0,"comment_status":"closed","ping_status":"closed","template":"","meta":{"footnotes":""},"class_list":["post-353","page","type-page","status-publish","hentry"],"_links":{"self":[{"href":"https:\/\/indigenousfisheries.ca\/fr\/wp-json\/wp\/v2\/pages\/353","targetHints":{"allow":["GET"]}}],"collection":[{"href":"https:\/\/indigenousfisheries.ca\/fr\/wp-json\/wp\/v2\/pages"}],"about":[{"href":"https:\/\/indigenousfisheries.ca\/fr\/wp-json\/wp\/v2\/types\/page"}],"author":[{"embeddable":true,"href":"https:\/\/indigenousfisheries.ca\/fr\/wp-json\/wp\/v2\/users\/3"}],"replies":[{"embeddable":true,"href":"https:\/\/indigenousfisheries.ca\/fr\/wp-json\/wp\/v2\/comments?post=353"}],"version-history":[{"count":18,"href":"https:\/\/indigenousfisheries.ca\/fr\/wp-json\/wp\/v2\/pages\/353\/revisions"}],"predecessor-version":[{"id":1593,"href":"https:\/\/indigenousfisheries.ca\/fr\/wp-json\/wp\/v2\/pages\/353\/revisions\/1593"}],"wp:attachment":[{"href":"https:\/\/indigenousfisheries.ca\/fr\/wp-json\/wp\/v2\/media?parent=353"}],"curies":[{"name":"wp","href":"https:\/\/api.w.org\/{rel}","templated":true}]}}