{"id":60,"date":"2017-08-20T17:48:58","date_gmt":"2017-08-20T21:48:58","guid":{"rendered":"http:\/\/jeremy-brown.net\/nifi\/?page_id=60"},"modified":"2022-02-10T09:21:56","modified_gmt":"2022-02-10T14:21:56","slug":"training","status":"publish","type":"page","link":"https:\/\/indigenousfisheries.ca\/fr\/projects\/training\/","title":{"rendered":"Partenariat pour la formation et la mise en valeur des comp\u00e9tences des Autochtones"},"content":{"rendered":"\n<div class=\"wp-block-columns jTrainingIntro is-layout-flex wp-container-core-columns-is-layout-1 wp-block-columns-is-layout-flex\">\n<div class=\"wp-block-column jTrainingIntroTextColumn is-layout-flow wp-block-column-is-layout-flow\">\n<div class=\"wp-block-group jTrainingIntroGroup\"><div class=\"wp-block-group__inner-container is-layout-flow wp-block-group-is-layout-flow\">\n<p>La formation nous aide \u00e0 acqu\u00e9rir les comp\u00e9tences et le savoir-faire n\u00e9cessaires \u00e0 l\u2019exercice de nos fonctions. Elle nous pr\u00e9pare \u00e9galement \u00e0 de nouvelles possibilit\u00e9s de r\u00e9orientation ou d\u2019avancement professionnels au fil du temps.<\/p>\n\n\n\n<p>Investir dans la formation et le perfectionnement des comp\u00e9tences constitue une pratique exemplaire des gouvernements et des entreprises. C\u2019est aussi le principal moyen pour les collectivit\u00e9s de renforcer leurs capacit\u00e9s \u00e0 g\u00e9rer leurs ressources et leurs int\u00e9r\u00eats \u00e9conomiques.<\/p>\n<\/div><\/div>\n<\/div>\n\n\n\n<div class=\"wp-block-column is-layout-flow wp-block-column-is-layout-flow\">\n<div class=\"wp-block-image\"><figure class=\"aligncenter size-large\"><img loading=\"lazy\" decoding=\"async\" width=\"1024\" height=\"778\" src=\"http:\/\/indigenousfisheries.ca\/fr\/wp-content\/uploads\/2020\/10\/ITSD-logo-french-cropped-1024x778.jpg\" alt=\"\" class=\"wp-image-1651\" srcset=\"https:\/\/indigenousfisheries.ca\/fr\/wp-content\/uploads\/2020\/10\/ITSD-logo-french-cropped-1024x778.jpg 1024w, https:\/\/indigenousfisheries.ca\/fr\/wp-content\/uploads\/2020\/10\/ITSD-logo-french-cropped-300x228.jpg 300w, https:\/\/indigenousfisheries.ca\/fr\/wp-content\/uploads\/2020\/10\/ITSD-logo-french-cropped-768x583.jpg 768w, https:\/\/indigenousfisheries.ca\/fr\/wp-content\/uploads\/2020\/10\/ITSD-logo-french-cropped-1536x1166.jpg 1536w, https:\/\/indigenousfisheries.ca\/fr\/wp-content\/uploads\/2020\/10\/ITSD-logo-french-cropped-2048x1555.jpg 2048w\" sizes=\"auto, (max-width: 1024px) 100vw, 1024px\" \/><\/figure><\/div>\n<\/div>\n<\/div>\n\n\n\n<div class=\"wp-block-group jTrainingAltSection\"><div class=\"wp-block-group__inner-container is-layout-flow wp-block-group-is-layout-flow\">\n<p>Les programmes autochtones de P\u00eaches et Oc\u00e9ans Canada ont permis aux collectivit\u00e9s et aux entreprises de cr\u00e9er et de conserver des emplois de p\u00eacheurs, de techniciens de terrain, de cadres, de contr\u00f4leurs, de gardiens et d\u2019autres professions pour leurs membres et leurs citoyens. Mais ces programmes ont \u00e9t\u00e9 con\u00e7us pour faire plus que favoriser la formation.<\/p>\n\n\n\n<p>Lors de l\u2019examen des programmes autochtones, l\u2019Institut national des p\u00eaches autochtones a constat\u00e9 qu\u2019il fallait plus de fonds de formation pour aider les collectivit\u00e9s \u00e0 offrir des emplois int\u00e9ressants tout au long des diff\u00e9rents parcours professionnels. Une des principales recommandations formul\u00e9es \u00e0 l\u2019issue de cet examen voulait que le Minist\u00e8re garantisse une source de financement \u00e0 long terme afin d\u2019accro\u00eetre les activit\u00e9s de formation et de perfectionnement des comp\u00e9tences au sein des collectivit\u00e9s autochtones.<\/p>\n\n\n\n<p>L\u2019Institut collabore avec P\u00eaches et Oc\u00e9ans Canada pour \u00e9tudier les possibilit\u00e9s de mise en \u0153uvre de cette recommandation. Pour ce faire, nous nous effor\u00e7ons de mener \u00e0 bien un certain nombre de t\u00e2ches, soit :<\/p>\n\n\n\n<ul class=\"wp-block-list\"><li>examiner l\u2019investissement f\u00e9d\u00e9ral actuel dans la formation et le perfectionnement des comp\u00e9tences autochtones relativement aux carri\u00e8res dans le secteur de la p\u00eache et des oc\u00e9ans afin de cerner toute lacune ou tout doublon<\/li><li>recueillir des exemples d\u2019activit\u00e9s de formation et de perfectionnement des comp\u00e9tences que les collectivit\u00e9s et groupes autochtones financent pour favoriser l\u2019atteinte de leurs objectifs en mati\u00e8re d\u2019emploi<\/li><li>effectuer des recherches sur les emplois et les carri\u00e8res connexes dans les secteurs de la p\u00eache, de l\u2019aquaculture, de l\u2019habitat du poisson, des oc\u00e9ans, de l\u2019intervention environnementale et de la gestion des ressources aquatiques, ainsi que sur la formation requise pour acqu\u00e9rir les connaissances, les comp\u00e9tences et les aptitudes n\u00e9cessaires pour occuper ces emplois<\/li><li>dresser la liste des cours offerts par les \u00e9tablissements d\u2019enseignement et de formation, ainsi que des certificats ou dipl\u00f4mes d\u2019enseignement sup\u00e9rieur<\/li><li>\u00e9valuer les outils de gestion de la formation uniformes \u00e0 l\u2019\u00e9chelle nationale et les pratiques exemplaires pour aider les collectivit\u00e9s \u00e0 \u00e9laborer et \u00e0 actualiser des plans de formation, \u00e0 g\u00e9rer des calendriers de formation, \u00e0 effectuer le suivi des activit\u00e9s de formation et \u00e0 en rendre compte<\/li><li>envisager des moyens d\u2019aider P\u00eaches et Oc\u00e9ans Canada \u00e0 assurer un meilleur suivi du nombre d\u2019Autochtones form\u00e9s et employ\u00e9s dans le cadre de ses programmes et initiatives<\/li><\/ul>\n<\/div><\/div>\n\n\n\n<p><strong><span style=\"color:#881719\" class=\"has-inline-color\">Nous voulons vous impliquer dans ce projet.<\/span><\/strong><\/p>\n\n\n\n<p>Nous avons con\u00e7u un certain nombre d\u2019outils que vous pourrez examiner et commenter :<\/p>\n\n\n\n<ul class=\"wp-block-list\"><li><a href=\"http:\/\/indigenousfisheries.ca\/fr\/wp-content\/uploads\/2022\/02\/ITSD-Summary-Report-FINAL_french_for-distribution_v2.pdf\" target=\"_blank\" rel=\"noreferrer noopener\">Formation et d\u00e9veloppement des comp\u00e9tences autochtones &#8211; version d\u00e9finitive<\/a><\/li><li><a rel=\"noreferrer noopener\" href=\"http:\/\/indigenousfisheries.ca\/fr\/wp-content\/uploads\/2020\/11\/FPCA_Guide-de-discussion.pdf\" target=\"_blank\">Guide de discussion<\/a><ul><li><a rel=\"noreferrer noopener\" href=\"http:\/\/indigenousfisheries.ca\/fr\/wp-content\/uploads\/2020\/10\/FPCA_Questionnaire.pdf\" target=\"_blank\">Questionnaire<\/a> pour faciliter votre participation<\/li><\/ul><\/li><li>Affiche sur <a rel=\"noreferrer noopener\" href=\"http:\/\/indigenousfisheries.ca\/fr\/wp-content\/uploads\/2021\/03\/FPCA_-Affiche-sur-les-carrieres-dans-le-secteur-de-la-peche-et-des-oceans.pdf\" target=\"_blank\">les carri\u00e8res dans le secteur de la p\u00eache et des oc\u00e9ans<\/a><\/li><li><a rel=\"noreferrer noopener\" href=\"http:\/\/indigenousfisheries.ca\/fr\/wp-content\/uploads\/2020\/10\/\u00c9quipement-sp\u00e9cialis\u00e9.pdf\" target=\"_blank\">\u00c9quipements sp\u00e9cialis\u00e9s<\/a> : Comment \u00eates-vous form\u00e9 \u00e0 l\u2019utilisation de ces \u00e9quipements?<\/li><li>Vid\u00e9o sur <em>Les parcours de formations professionnelles dans le secteur de la p\u00eache et des oc\u00e9ans<\/em><ul><li><a rel=\"noreferrer noopener\" href=\"https:\/\/www.youtube.com\/watch?v=iO_IwgpTOOA\" target=\"_blank\">Vid\u00e9o<\/a> en anglais seulement (<a rel=\"noreferrer noopener\" href=\"http:\/\/indigenousfisheries.ca\/fr\/wp-content\/uploads\/2020\/10\/Les-parcours-de-formations-professionnelles-dans-le-secteur-de-la-p\u00eache-et-des-oc\u00e9ans.pdf\" target=\"_blank\">Sc\u00e9nario de vid\u00e9o<\/a>)<\/li><li><a href=\"http:\/\/indigenousfisheries.ca\/fr\/projects\/training\/fiches-dinformation-sur-les-formations-professionnelles\/\">Fiches d\u2019information sur les formations professionnelles<\/a><\/li><li><a href=\"http:\/\/indigenousfisheries.ca\/fr\/projects\/training\/aidez-nous-a-creer-les-fiches-dinformation-sur-les-formations-professionnelles-dont-vous-avez-besoin\/\">Aidez-nous \u00e0 cr\u00e9er les fiches d\u2019information sur les formations professionnelles dont vous avez besoin<\/a><\/li><\/ul><\/li><li>Vid\u00e9o sur <em>Les avantages des chevauchements de formations<\/em><ul><li><a rel=\"noreferrer noopener\" href=\"https:\/\/www.youtube.com\/watch?v=as7_75VwxIg\" target=\"_blank\">Vid\u00e9o<\/a> en anglais seulement (<a rel=\"noreferrer noopener\" href=\"http:\/\/indigenousfisheries.ca\/fr\/wp-content\/uploads\/2020\/10\/Les-avantages-des-chevauchements-de-formations.pdf\" target=\"_blank\">Sc\u00e9nario de vid\u00e9o<\/a>)<\/li><\/ul><\/li><li>Infographie sur <a rel=\"noreferrer noopener\" href=\"http:\/\/indigenousfisheries.ca\/fr\/wp-content\/uploads\/2020\/10\/FMCA_Processus-et-outils-de-formation.pdf\" target=\"_blank\">les processus et les outils de formation<\/a><ul><li><a rel=\"noreferrer noopener\" href=\"http:\/\/indigenousfisheries.ca\/fr\/wp-content\/uploads\/2021\/01\/Fichier-de-formation_Carrieres-dans-le-secteur-de-la-peche-et-des-oceans.pdf\" target=\"_blank\">Fichier de formation (mod\u00e8le)<\/a><\/li><\/ul><\/li><li>Infographies sur les parcours professionnels<ul><li><a rel=\"noreferrer noopener\" href=\"http:\/\/indigenousfisheries.ca\/fr\/wp-content\/uploads\/2020\/10\/Institut_Gestion-des-ressources_Cheminements-de-carri\u00e8re.pdf\" target=\"_blank\">Gestion des ressources<\/a><\/li><li><a rel=\"noreferrer noopener\" href=\"http:\/\/indigenousfisheries.ca\/fr\/wp-content\/uploads\/2020\/10\/Institut_Gardes-peche-design\u00e9s_Cheminements-de-carri\u00e8re.pdf\" target=\"_blank\">Garde-p\u00eache<\/a><\/li><\/ul><\/li><\/ul>\n\n\n\n<p>\u00c0 la suite de ce projet, l\u2019Institut produira un rapport final recommandant des outils de formation et de planification de carri\u00e8re pour les cadres et les travailleurs autochtones. Nous formulerons \u00e9galement des recommandations au MPO sur la mani\u00e8re de parvenir \u00e0 une collaboration f\u00e9d\u00e9rale et \u00e0 des gains d\u2019efficacit\u00e9 en mati\u00e8re de formation et de perfectionnement des comp\u00e9tences dans le domaine de la p\u00eache et des oc\u00e9ans pour les Autochtones, y compris des options pour des sources de financement de la formation \u00e0 long terme.<\/p>\n","protected":false},"excerpt":{"rendered":"<p>La formation nous aide \u00e0 acqu\u00e9rir les comp\u00e9tences et le savoir-faire n\u00e9cessaires \u00e0 l\u2019exercice de nos fonctions. Elle nous pr\u00e9pare \u00e9galement \u00e0 de nouvelles possibilit\u00e9s de r\u00e9orientation ou d\u2019avancement professionnels au fil du temps. Investir dans la formation et le perfectionnement des comp\u00e9tences constitue une pratique exemplaire des gouvernements et des entreprises. C\u2019est aussi le [&hellip;]<\/p>\n","protected":false},"author":3,"featured_media":0,"parent":1280,"menu_order":0,"comment_status":"closed","ping_status":"closed","template":"page-templates\/no-title.php","meta":{"footnotes":""},"class_list":["post-60","page","type-page","status-publish","hentry"],"_links":{"self":[{"href":"https:\/\/indigenousfisheries.ca\/fr\/wp-json\/wp\/v2\/pages\/60","targetHints":{"allow":["GET"]}}],"collection":[{"href":"https:\/\/indigenousfisheries.ca\/fr\/wp-json\/wp\/v2\/pages"}],"about":[{"href":"https:\/\/indigenousfisheries.ca\/fr\/wp-json\/wp\/v2\/types\/page"}],"author":[{"embeddable":true,"href":"https:\/\/indigenousfisheries.ca\/fr\/wp-json\/wp\/v2\/users\/3"}],"replies":[{"embeddable":true,"href":"https:\/\/indigenousfisheries.ca\/fr\/wp-json\/wp\/v2\/comments?post=60"}],"version-history":[{"count":27,"href":"https:\/\/indigenousfisheries.ca\/fr\/wp-json\/wp\/v2\/pages\/60\/revisions"}],"predecessor-version":[{"id":1996,"href":"https:\/\/indigenousfisheries.ca\/fr\/wp-json\/wp\/v2\/pages\/60\/revisions\/1996"}],"up":[{"embeddable":true,"href":"https:\/\/indigenousfisheries.ca\/fr\/wp-json\/wp\/v2\/pages\/1280"}],"wp:attachment":[{"href":"https:\/\/indigenousfisheries.ca\/fr\/wp-json\/wp\/v2\/media?parent=60"}],"curies":[{"name":"wp","href":"https:\/\/api.w.org\/{rel}","templated":true}]}}