{"id":843,"date":"2018-05-11T08:16:30","date_gmt":"2018-05-11T12:16:30","guid":{"rendered":"http:\/\/indigenousfisheries.ca\/fr\/?page_id=843"},"modified":"2022-07-20T09:14:50","modified_gmt":"2022-07-20T13:14:50","slug":"resources","status":"publish","type":"page","link":"https:\/\/indigenousfisheries.ca\/fr\/resources\/","title":{"rendered":"Ressources"},"content":{"rendered":"<p><strong><span class=\"heading-red\">Strat\u00e9gie de l\u2019\u00e9conomie bleue S\u00e9ances de consultation virtuelles avec les Autochtones<\/span><\/strong><\/p>\n<ul>\n<li style=\"font-weight: 400;\"><a href=\"https:\/\/indigenousfisheries.ca\/fr\/wp-content\/uploads\/2022\/07\/BES-Virtual-Indigenous-Engagement-Series-Final-Report-FR.pdf\" target=\"_blank\" rel=\"noopener noreferrer\"><span style=\"font-weight: 400;\">Strat\u00e9gie de l\u2019\u00e9conomie bleue S\u00e9ances de consultation virtuelles avec les Autochtones &#8211; Rapport final<\/span><\/a><\/li>\n<\/ul>\n<p><strong><span class=\"heading-red\">Formation et d\u00e9veloppement des comp\u00e9tences autochtones<\/span><\/strong><\/p>\n<ul>\n<li style=\"font-weight: 400;\"><a href=\"http:\/\/indigenousfisheries.ca\/fr\/wp-content\/uploads\/2022\/02\/ITSD-Summary-Report-FINAL_french_for-distribution_v2.pdf\" target=\"_blank\" rel=\"noopener noreferrer\"><span style=\"font-weight: 400;\">Formation et d\u00e9veloppement des comp\u00e9tences autochtones &#8211; version d\u00e9finitive<\/span><\/a><\/li>\n<\/ul>\n<p><strong><span class=\"heading-red\">Tableau de bord de la mise en oeuvre de l\u2019Examen des programmes autochtones (EPA)<\/span><\/strong><\/p>\n<ul>\n<li style=\"font-weight: 400;\"><a href=\"http:\/\/indigenousfisheries.ca\/fr\/wp-content\/uploads\/2021\/07\/IPR-Scorecard-FR.pdf\" target=\"_blank\" rel=\"noopener noreferrer\"><span style=\"font-weight: 400;\">Tableau de bord de la mise en oeuvre de l\u2019Examen des programmes autochtones (EPA) 2020-2021<\/span><\/a><\/li>\n<\/ul>\n<p><strong><span class=\"heading-red\">Examen des programmes autochtones<\/span><\/strong><\/p>\n<ul>\n<li style=\"font-weight: 400;\"><a href=\"http:\/\/indigenousfisheries.ca\/fr\/wp-content\/uploads\/2019\/12\/Institut_Examen-des-programmes-autochtones_Deuxi\u00e8me-phase-du-rapport-final.pdf\" target=\"_blank\" rel=\"noopener noreferrer\"><span style=\"font-weight: 400;\">Deuxi\u00e8me phase du rapport finale (22 mai 2019)<\/span><\/a><\/li>\n<li style=\"font-weight: 400;\"><a href=\"http:\/\/indigenousfisheries.ca\/fr\/wp-content\/uploads\/2019\/03\/Initiative-des-peches-commer-ciales-integrees-du-Nord.pdf\" target=\"_blank\" rel=\"noopener noreferrer\"><span style=\"font-weight: 400;\">Initiative des p\u00eaches commerciales int\u00e9gr\u00e9es du Nord\u00a0(mars 2019)<\/span><\/a><\/li>\n<li><a href=\"http:\/\/indigenousfisheries.ca\/fr\/wp-content\/uploads\/2019\/12\/Examen-des-programmes-autochtones_Premiere-phase-du-rapport-final_FINAL.pdf\" target=\"_blank\" rel=\"noopener noreferrer\">Premi\u00e8re phase du rapport final (22 mai 2018)<\/a><\/li>\n<\/ul>\n<p><strong><span class=\"heading-red\">Programmes f\u00e9d\u00e9rales de financement\u00a0<\/span><\/strong><\/p>\n<ul>\n<li><a href=\"http:\/\/www.dfo-mpo.gc.ca\/species-especes\/sara-lep\/cnfasar-fnceap\/overview\/index-fra.html\" target=\"_blank\" rel=\"noopener noreferrer\">Le Fonds de la nature du Canada pour les esp\u00e8ces aquatiques en p\u00e9ril<\/a><\/li>\n<li><a href=\"http:\/\/www.dfo-mpo.gc.ca\/fisheries-peches\/initiatives\/opportunities-fund-fonds-initiatives\/index-fra.html\" target=\"_blank\" rel=\"noopener noreferrer\">Fonds canadien d\u2019initiatives en mati\u00e8re de poissons et de fruits de mer<\/a>\n<ul>\n<li><a href=\"http:\/\/www.dfo-mpo.gc.ca\/fisheries-peches\/initiatives\/opportunities-fund-fonds-initiatives\/sip-application-page01-fra.html\" target=\"_blank\" rel=\"noopener noreferrer\">Demande de financement<\/a><\/li>\n<\/ul>\n<\/li>\n<li><a href=\"http:\/\/www.dfo-mpo.gc.ca\/fm-gp\/initiatives\/fish-fund-bc-fonds-peche-cb\/index-fra.html\" target=\"_blank\" rel=\"noopener noreferrer\">Fonds de restauration et d&#8217;innovation pour le saumon da la Colombie-Britannique<\/a>\n<ul>\n<li><a href=\"http:\/\/www.dfo-mpo.gc.ca\/fisheries-peches\/initiatives\/fish-fund-bc-fonds-peche-cb\/apply-demande-page01-fra.html\" target=\"_blank\" rel=\"noopener noreferrer\">Demande de financement\u00a0<\/a><\/li>\n<\/ul>\n<\/li>\n<li><a href=\"http:\/\/www.dfo-mpo.gc.ca\/science\/collaboration\/partnership-fund-fra.html\" target=\"_blank\" rel=\"noopener noreferrer\">Fonds des partenariats<\/a><\/li>\n<li><a href=\"http:\/\/www.dfo-mpo.gc.ca\/fm-gp\/initiatives\/fish-fund-atlantic-fonds-peche\/index-fra.html\" target=\"_blank\" rel=\"noopener noreferrer\">Fonds des p\u00eaches de l&#8217;Atlantique<\/a>\n<ul>\n<li><a href=\"http:\/\/www.dfo-mpo.gc.ca\/fisheries-peches\/initiatives\/fish-fund-atlantic-fonds-peche\/atlantic-component-volet-atlantique-page01-fra.html\" target=\"_blank\" rel=\"noopener noreferrer\">Demande de financement : innovation, infrastructure ou partenariats scientifiques pour l\u2019Atlantique<\/a><\/li>\n<\/ul>\n<\/li>\n<li><a href=\"http:\/\/www.dfo-mpo.gc.ca\/fm-gp\/initiatives\/fish-fund-quebec-fonds-peche\/index-fra.html\" target=\"_blank\" rel=\"noopener noreferrer\">Fonds des p\u00eaches du Qu\u00e9bec<\/a>\n<ul>\n<li><a href=\"http:\/\/www.dfo-mpo.gc.ca\/fisheries-peches\/initiatives\/fish-fund-quebec-fonds-peche\/apply-demande-page01-fra.html\" target=\"_blank\" rel=\"noopener noreferrer\">Demande de financement<\/a><\/li>\n<\/ul>\n<\/li>\n<li><a href=\"http:\/\/dfo-mpo.gc.ca\/oceans\/crf-frc\/index-fra.html\" target=\"_blank\" rel=\"noopener noreferrer\">Fonds pour la restauration c\u00f4ti\u00e8re<\/a><\/li>\n<li><a href=\"http:\/\/www.dfo-mpo.gc.ca\/aquaculture\/business-entreprises\/factap-patppa-fra.htm\" target=\"_blank\" rel=\"noopener noreferrer\">Programme d\u2019adoption des technologies<\/a> propres pour les p\u00eaches et l\u2019aquaculture\n<ul>\n<li><a href=\"http:\/\/www.dfo-mpo.gc.ca\/aquaculture\/business-entreprises\/factap-application-patppa-fra.htm\" target=\"_blank\" rel=\"noopener noreferrer\">Demande de financement<\/a><\/li>\n<\/ul>\n<\/li>\n<li><a href=\"https:\/\/www.dfo-mpo.gc.ca\/species-especes\/mammals-mammiferes\/ghostgear-equipementfantome\/program-programme\/apply-appliquer-fra.html\" target=\"_blank\" rel=\"noopener noreferrer\">Programme de contributions pour soutenir des solutions durables en mati\u00e8re de p\u00eache et la r\u00e9cup\u00e9ration des engins de p\u00eache<\/a>\n<ul>\n<li><a href=\"https:\/\/www.dfo-mpo.gc.ca\/species-especes\/mammals-mammiferes\/ghostgear-equipementfantome\/program-programme\/application-fra.html\" target=\"_blank\" rel=\"noopener noreferrer\">Demande de financement<\/a><\/li>\n<\/ul>\n<\/li>\n<li><a href=\"http:\/\/www.dfo-mpo.gc.ca\/ecosystems\/ihpp-ppha\/index-fra.html\" target=\"_blank\" rel=\"noopener noreferrer\">Programme pour la participation autochtone sur les habitats<\/a>\n<ul>\n<li><a href=\"http:\/\/www.dfo-mpo.gc.ca\/ecosystems\/ihpp-ppha\/contribution\/page01-fra.html\" target=\"_blank\" rel=\"noopener noreferrer\">Demande de financement<\/a><\/li>\n<\/ul>\n<\/li>\n<\/ul>\n<p><strong><span class=\"heading-red\">Vid\u00e9os<\/span><\/strong><\/p>\n<ul>\n<li><a href=\"https:\/\/www.youtube.com\/watch?v=sHPGTokB3Yo&amp;t=3s\" target=\"_blank\" rel=\"noopener noreferrer\">Recommandations d&#8217;am\u00e9lioration des Programmes Autochtones<\/a> (Lina Condo)<\/li>\n<li><a href=\"https:\/\/www.youtube.com\/watch?v=3byYLHdj0Bo\" target=\"_blank\" rel=\"noopener noreferrer\">L&#8217;examen des Programmes Autochtones<\/a> (Lina Condo)<\/li>\n<\/ul>\n<p><span style=\"font-weight: 400;\">(Disponible en anglais seulement)<\/span><\/p>\n<ul>\n<li style=\"font-weight: 400;\"><a href=\"https:\/\/youtu.be\/FEsdJDvfQDc\" target=\"_blank\" rel=\"noopener noreferrer\"><span style=\"font-weight: 400;\">Beneficial Promotion \u2013 Institut national des p\u00eaches autochtones <\/span><\/a><\/li>\n<li style=\"font-weight: 400;\"><a href=\"https:\/\/youtu.be\/FEsdJDvfQDc\" target=\"_blank\" rel=\"noopener noreferrer\"><span style=\"font-weight: 400;\">The Significance of Indigenous Program Review<\/span><span style=\"font-weight: 400;\"> (Jordan Point)<\/span><\/a><\/li>\n<li style=\"font-weight: 400;\"><a href=\"https:\/\/www.youtube.com\/watch?v=TVqgW12ddUU&amp;t=20s\" target=\"_blank\" rel=\"noopener noreferrer\"><span style=\"font-weight: 400;\">Recommendations to Improve Federal Indigenous Fisheries and Oceans Programs<\/span><\/a><span style=\"font-weight: 400;\"> (John\u00a0<\/span><span style=\"font-weight: 400;\">G. Paul)<\/span><\/li>\n<li style=\"font-weight: 400;\"><a href=\"https:\/\/www.youtube.com\/watch?v=u56AFGhyBE4&amp;t=2s\" target=\"_blank\" rel=\"noopener noreferrer\"><span style=\"font-weight: 400;\">Recommendations to Improve Federal Indigenous Fisheries and Oceans Programs <\/span><\/a><span style=\"font-weight: 400;\">(Jordan Point)<\/span><\/li>\n<li style=\"font-weight: 400;\"><a href=\"https:\/\/www.youtube.com\/watch?v=tK1hCWgVCIA&amp;t=12s\" target=\"_blank\" rel=\"noopener noreferrer\"><span style=\"font-weight: 400;\">Improving Indigenous Fisheries and Oceans Programming in Canada\u2019s North<\/span><\/a><span style=\"font-weight: 400;\"> (Jeffrey Maurice)<\/span><\/li>\n<li style=\"font-weight: 400;\"><a href=\"https:\/\/youtu.be\/zTT3dfpnqY8\" target=\"_blank\" rel=\"noopener noreferrer\"><span style=\"font-weight: 400;\">SPI PCFDI Building Indigenous Economic Readiness in Canada\u2019s Pacific Fishery <\/span><\/a>\n<ul>\n<li style=\"font-weight: 400;\"><a href=\"https:\/\/youtu.be\/JzFvyOd3owo\" target=\"_blank\" rel=\"noopener noreferrer\"><span style=\"font-weight: 400;\">One-minute trailer<\/span><\/a><\/li>\n<li style=\"font-weight: 400;\"><a href=\"https:\/\/youtu.be\/0ppQBg4uBBM\" target=\"_blank\" rel=\"noopener noreferrer\"><span style=\"font-weight: 400;\">Thirty-second trailer <\/span><\/a><\/li>\n<li style=\"font-weight: 400;\"><a href=\"http:\/\/indigenousfisheries.ca\/fr\/wp-content\/uploads\/2019\/12\/IPS-IPCIP_Renforcer-l\u2019\u00e9tat-de-pr\u00e9paration-\u00e9conomique-des-autochtones-_Transcription.pdf\" target=\"_blank\" rel=\"noopener noreferrer\"><span style=\"font-weight: 400;\">Transcription en fran\u00e7ais<\/span><\/a><\/li>\n<\/ul>\n<\/li>\n<\/ul>\n<p><span style=\"font-weight: 400;\"><br \/>\n<strong><span class=\"heading-red\">Vid\u00e9os de groupes autochtones, de collectivit\u00e9s et d&#8217;autres partenaires<\/span><\/strong><\/span><span style=\"font-weight: 400;\">(Disponible en anglais seulement)<\/span><\/p>\n<p><a href=\"https:\/\/vimeo.com\/271986406?fbclid=IwAR0wlKVpJX5dIscEgJIZig-Tg72z-pmOHhYHNKgIoQ4SXCyIUDxhRvsNnRE\" target=\"_blank\" rel=\"noopener noreferrer\"><span style=\"font-weight: 400;\">Gitanyow Fisheries Authority\u00a0:<\/span><\/a><span style=\"font-weight: 400;\">\u2028 Voyez les <\/span><i><span style=\"font-weight: 400;\">Gitanyow Lax\u2019yip Guardians et la Gitanyow Fisheries Authority au travail <\/span><\/i><i><span style=\"font-weight: 400;\">&#8211;<\/span><\/i><i><span style=\"font-weight: 400;\"> et comment ce travail s\u2019inscrit dans la strat\u00e9gie globale des chefs h\u00e9r\u00e9ditaires Gitanyow pour la gestion de leur territoire gibxsan<\/span><\/i><span style=\"font-weight: 400;\">.<\/span><\/p>\n<p><span style=\"font-weight: 400;\"><a href=\"https:\/\/www.youtube.com\/watch?v=15CxqNnFJSw\" target=\"_blank\" rel=\"noopener noreferrer\">From Glaciers to Glass Sponge Reefs: Kitsumkalum on Climate Change &amp; Food Security<\/a><br \/>\n<i>Kitsumkalum Fish and Wildlife Operations a un programme pour \u00e9tudier les effets du changement climatique sur le territoire traditionnel de la Premi\u00e8re Nation Kitsumkalum. Il comprend la fa\u00e7on dont la diminution des eaux glaciaires et les changements de temp\u00e9rature des cours d\u2019eau influent sur la survie des alevins de saumon et dont l\u2019acidification de l\u2019oc\u00e9an se manifeste.<br \/>\n<\/i><\/span><i>coquillages et algues marines<\/i><\/p>\n<p><img loading=\"lazy\" decoding=\"async\" class=\"aligncenter wp-image-651 size-full\" src=\"http:\/\/indigenousfisheries.ca\/fr\/wp-content\/uploads\/2018\/05\/NIFI-New-Header.jpg\" alt=\"\" width=\"1165\" height=\"509\" \/><\/p>\n","protected":false},"excerpt":{"rendered":"<p>Strat\u00e9gie de l\u2019\u00e9conomie bleue S\u00e9ances de consultation virtuelles avec les Autochtones Strat\u00e9gie de l\u2019\u00e9conomie bleue S\u00e9ances de consultation virtuelles avec les Autochtones &#8211; Rapport final Formation et d\u00e9veloppement des comp\u00e9tences autochtones Formation et d\u00e9veloppement des comp\u00e9tences autochtones &#8211; version d\u00e9finitive Tableau de bord de la mise en oeuvre de l\u2019Examen des programmes autochtones (EPA) Tableau [&hellip;]<\/p>\n","protected":false},"author":3,"featured_media":0,"parent":0,"menu_order":0,"comment_status":"closed","ping_status":"closed","template":"","meta":{"footnotes":""},"class_list":["post-843","page","type-page","status-publish","hentry"],"_links":{"self":[{"href":"https:\/\/indigenousfisheries.ca\/fr\/wp-json\/wp\/v2\/pages\/843","targetHints":{"allow":["GET"]}}],"collection":[{"href":"https:\/\/indigenousfisheries.ca\/fr\/wp-json\/wp\/v2\/pages"}],"about":[{"href":"https:\/\/indigenousfisheries.ca\/fr\/wp-json\/wp\/v2\/types\/page"}],"author":[{"embeddable":true,"href":"https:\/\/indigenousfisheries.ca\/fr\/wp-json\/wp\/v2\/users\/3"}],"replies":[{"embeddable":true,"href":"https:\/\/indigenousfisheries.ca\/fr\/wp-json\/wp\/v2\/comments?post=843"}],"version-history":[{"count":55,"href":"https:\/\/indigenousfisheries.ca\/fr\/wp-json\/wp\/v2\/pages\/843\/revisions"}],"predecessor-version":[{"id":2002,"href":"https:\/\/indigenousfisheries.ca\/fr\/wp-json\/wp\/v2\/pages\/843\/revisions\/2002"}],"wp:attachment":[{"href":"https:\/\/indigenousfisheries.ca\/fr\/wp-json\/wp\/v2\/media?parent=843"}],"curies":[{"name":"wp","href":"https:\/\/api.w.org\/{rel}","templated":true}]}}